{"id":796,"date":"2022-09-01T21:59:45","date_gmt":"2022-09-01T21:59:45","guid":{"rendered":"https:\/\/bluereefcapital.com\/terminos\/"},"modified":"2023-08-04T15:16:50","modified_gmt":"2023-08-04T15:16:50","slug":"terminos","status":"publish","type":"page","link":"https:\/\/bluereefcapital.com\/es\/terminos\/","title":{"rendered":"T\u00e9rminos"},"content":{"rendered":"<div class=\"wpb-content-wrapper\"><p>[vc_row][vc_column][vc_column_text]<\/p>\n<h1><u>Descargos de responsabilidad<\/u>\u00a0de BlueReef Capital:<\/h1>\n<h2>Divulgaciones legales y t\u00e9rminos de uso de BlueReef Capital<\/h2>\n<p>\u00daltima actualizaci\u00f3n: marzo de 2023<br \/>\nBlueReef Capital es un asesor de inversiones registrado en la Comisi\u00f3n de Bolsa y Valores de los Estados Unidos.<\/p>\n<p>La informaci\u00f3n en este sitio web se proporciona \u00fanicamente con fines educativos o informativos. BlueReef Capital no realiza transacciones comerciales en este sitio web. Nada en este documento debe interpretarse como asesoramiento financiero. El asesoramiento financiero est\u00e1 disponible \u00fanicamente para los clientes de BlueReef Capital de conformidad con un acuerdo por escrito.<\/p>\n<h2>Informaci\u00f3n del propietario<\/h2>\n<p>La informaci\u00f3n contenida en este sitio web es para uso exclusivo de nuestros clientes, posibles clientes y socios comerciales, y s\u00f3lo en relaci\u00f3n con los fines para los que se presenta. El contenido del sitio web, incluidos los logotipos contenidos en este documento, est\u00e1 protegido por las leyes federales y consuetudinarias de derechos de autor y marcas registradas. Al ver y\/o aceptar la entrega de la informaci\u00f3n, el espectador\/destinatario acepta que: a) la informaci\u00f3n establecida y las metodolog\u00edas utilizadas en este documento son propiedad de BlueReef Capital, b) ninguna parte del presente ser\u00e1 reproducida, reimpresa, diseminada, exhibida , o utilizado por cualquier motivo que no sea el prop\u00f3sito expresado por BlueReef Capital, sin el consentimiento previo por escrito de BlueReef Capital y c) cualquier alteraci\u00f3n, descompilaci\u00f3n o ingenier\u00eda inversa de cualquier componente de software de este sitio web est\u00e1 estrictamente prohibido.<\/p>\n<h2>Renuncia de garant\u00eda, limitaci\u00f3n de responsabilidad y exenci\u00f3n de responsabilidad<\/h2>\n<p>Las opiniones expresadas en este sitio web est\u00e1n sujetas a cambios sin previo aviso. BlueReef Capital ha ejercido un cuidado profesional razonable al preparar la informaci\u00f3n contenida en el sitio web. La informaci\u00f3n ha sido obtenida de fuentes que creemos confiables; sin embargo, BlueReef Capital no ha verificado ni atestiguado de forma independiente la exactitud o autenticidad de la informaci\u00f3n. Este sitio web, incluido cualquier contenido o informaci\u00f3n contenida en \u00e9l o cualquier servicio relacionado con el sitio, se proporciona \u201cTAL CUAL\u201d, con todas las fallas, sin representaciones ni garant\u00edas de ning\u00fan tipo, expresas o impl\u00edcitas, incluidas, entre otras, la garant\u00edas impl\u00edcitas de comerciabilidad, idoneidad para un prop\u00f3sito particular y no infracci\u00f3n. Usted asume total responsabilidad y riesgo por su uso de este sitio web, los servicios relacionados con el sitio y los sitios web con hiperv\u00ednculos. BlueReef Capital no se responsabiliza por la precisi\u00f3n de la informaci\u00f3n de terceros en este sitio web y en cualquier sitio al que se haga referencia mediante trackbacks o enlaces html.<\/p>\n<p>BLUE REEF NO SE HACE RESPONSABLE POR NING\u00daN DA\u00d1O DIRECTO, INDIRECTO, CONSECUENTE, ESPECIAL, EJEMPLAR, PUNITIVO U OTROS DA\u00d1OS QUE SURJAN O EST\u00c9N RELACIONADOS DE CUALQUIER MANERA CON ESTE SITIO WEB, LOS SERVICIOS RELACIONADOS CON EL SITIO, EL CONTENIDO O LA INFORMACI\u00d3N CONTENIDA EN EL SITIO WEB, Y \/O CUALQUIER SITIO WEB CON HIPERV\u00cdNCULOS. SU \u00daNICO RECURSO POR LA INSATISFACCI\u00d3N CON ESTE SITIO WEB, LOS SERVICIOS RELACIONADOS CON EL SITIO Y\/O LOS SITIOS WEB CON HIPERVINCULOS ES DEJAR DE UTILIZAR ESTE SITIO WEB Y\/O ESOS SERVICIOS.<\/p>\n<p>Cada cliente, posible cliente y visitante de este sitio web acepta, como condici\u00f3n previa a su acceso al sitio web de BlueReef Capital, liberar y mantener indemne a BlueReef Capital, sus funcionarios, directores, propietarios, empleados y agentes de cualquier y todas las consecuencias adversas que resulten de cualquiera de sus acciones y\/u omisiones que sean independientes de su recepci\u00f3n de asesoramiento individual personalizado de BlueReef Capital de conformidad con un acuerdo escrito y completamente ejecutado.<\/p>\n<h2>Protecci\u00f3n de la informaci\u00f3n de los menores<\/h2>\n<p>Este sitio web no est\u00e1 dirigido a personas menores de dieciocho (18) a\u00f1os, y solicitamos que estas personas no proporcionen informaci\u00f3n personal a trav\u00e9s de este sitio web. No recopilamos a sabiendas informaci\u00f3n de menores de 18 a\u00f1os sin el consentimiento de los padres.<\/p>\n<h2>Elecci\u00f3n de la ley y el lugar<\/h2>\n<p>Estas Divulgaciones legales y T\u00e9rminos y condiciones se celebran en el Estado de Florida y se regir\u00e1n e interpretar\u00e1n de acuerdo con las leyes del Estado de Florida, sin incluir sus reglas de elecci\u00f3n de leyes. Cada una de las partes de estas Divulgaciones legales y T\u00e9rminos y condiciones se somete a la jurisdicci\u00f3n exclusiva de los tribunales estatales y federales con sede en el Condado Miami-Dade, FL, y renuncia a cualquier objeci\u00f3n jurisdiccional, de lugar o de foro inconveniente a dichos tribunales. En cualquier acci\u00f3n para hacer cumplir estas Divulgaciones legales y T\u00e9rminos y condiciones, la parte vencedora tendr\u00e1 derecho a los costos y honorarios de abogados. En el caso de que alguna de las Divulgaciones legales y los T\u00e9rminos y condiciones sean declaradas inaplicables por un tribunal de jurisdicci\u00f3n competente, dichas disposiciones se limitar\u00e1n o eliminar\u00e1n en la medida m\u00ednima necesaria para que estas Divulgaciones legales y T\u00e9rminos y condiciones permanezcan en vigor. plena fuerza y efecto.<\/p>\n<h2>Actualizaciones y aceptaci\u00f3n continua<\/h2>\n<p>Podemos actualizar estas Divulgaciones legales y T\u00e9rminos y condiciones de vez en cuando, con o sin previo aviso, de acuerdo con la ley aplicable. Despu\u00e9s de hacerlo, se actualizar\u00e1 la fecha a continuaci\u00f3n. Vuelva a consultar regularmente para ver si hay cambios. Su uso continuado del sitio web despu\u00e9s de cualquier cambio en estas Divulgaciones legales y T\u00e9rminos y condiciones constituye su aceptaci\u00f3n de dichos cambios realizados.<\/p>\n<p><strong>Gracias por su continua confianza en BlueReef Capital.<\/strong>[\/vc_column_text][\/vc_column][\/vc_row]<\/p>\n<\/div>","protected":false},"excerpt":{"rendered":"<p>[vc_row][vc_column][vc_column_text] Descargos de responsabilidad\u00a0de BlueReef Capital: Divulgaciones legales y t\u00e9rminos de uso de BlueReef Capital \u00daltima actualizaci\u00f3n: marzo de 2023 BlueReef Capital es un asesor de inversiones registrado en la Comisi\u00f3n de Bolsa y Valores de los Estados Unidos. La informaci\u00f3n en este sitio web se proporciona \u00fanicamente con fines educativos o informativos. BlueReef Capital [&hellip;]<\/p>\n","protected":false},"author":1,"featured_media":0,"parent":0,"menu_order":0,"comment_status":"closed","ping_status":"closed","template":"page-container.php","meta":{"_acf_changed":false,"inline_featured_image":false,"footnotes":""},"class_list":["post-796","page","type-page","status-publish","hentry"],"acf":[],"yoast_head":"<!-- This site is optimized with the Yoast SEO plugin v27.4 - https:\/\/yoast.com\/product\/yoast-seo-wordpress\/ -->\n<title>T\u00e9rminos - Bluereef Capital<\/title>\n<meta name=\"robots\" content=\"index, follow, max-snippet:-1, max-image-preview:large, max-video-preview:-1\" \/>\n<link rel=\"canonical\" href=\"https:\/\/bluereefcapital.com\/es\/terminos\/\" \/>\n<meta property=\"og:locale\" content=\"es_ES\" \/>\n<meta property=\"og:type\" content=\"article\" \/>\n<meta property=\"og:title\" content=\"T\u00e9rminos - Bluereef Capital\" \/>\n<meta property=\"og:description\" content=\"[vc_row][vc_column][vc_column_text] Descargos de responsabilidad\u00a0de BlueReef Capital: Divulgaciones legales y t\u00e9rminos de uso de BlueReef Capital \u00daltima actualizaci\u00f3n: marzo de 2023 BlueReef Capital es un asesor de inversiones registrado en la Comisi\u00f3n de Bolsa y Valores de los Estados Unidos. La informaci\u00f3n en este sitio web se proporciona \u00fanicamente con fines educativos o informativos. BlueReef Capital [&hellip;]\" \/>\n<meta property=\"og:url\" content=\"https:\/\/bluereefcapital.com\/es\/terminos\/\" \/>\n<meta property=\"og:site_name\" content=\"Bluereef Capital\" \/>\n<meta property=\"article:modified_time\" content=\"2023-08-04T15:16:50+00:00\" \/>\n<meta name=\"twitter:card\" content=\"summary_large_image\" \/>\n<meta name=\"twitter:label1\" content=\"Tiempo de lectura\" \/>\n\t<meta name=\"twitter:data1\" content=\"5 minutos\" \/>\n<script type=\"application\/ld+json\" class=\"yoast-schema-graph\">{\"@context\":\"https:\\\/\\\/schema.org\",\"@graph\":[{\"@type\":\"WebPage\",\"@id\":\"https:\\\/\\\/bluereefcapital.com\\\/es\\\/terminos\\\/\",\"url\":\"https:\\\/\\\/bluereefcapital.com\\\/es\\\/terminos\\\/\",\"name\":\"T\u00e9rminos - Bluereef Capital\",\"isPartOf\":{\"@id\":\"https:\\\/\\\/bluereefcapital.com\\\/es\\\/#website\"},\"datePublished\":\"2022-09-01T21:59:45+00:00\",\"dateModified\":\"2023-08-04T15:16:50+00:00\",\"breadcrumb\":{\"@id\":\"https:\\\/\\\/bluereefcapital.com\\\/es\\\/terminos\\\/#breadcrumb\"},\"inLanguage\":\"es\",\"potentialAction\":[{\"@type\":\"ReadAction\",\"target\":[\"https:\\\/\\\/bluereefcapital.com\\\/es\\\/terminos\\\/\"]}]},{\"@type\":\"BreadcrumbList\",\"@id\":\"https:\\\/\\\/bluereefcapital.com\\\/es\\\/terminos\\\/#breadcrumb\",\"itemListElement\":[{\"@type\":\"ListItem\",\"position\":1,\"name\":\"Home\",\"item\":\"https:\\\/\\\/bluereefcapital.com\\\/es\\\/\"},{\"@type\":\"ListItem\",\"position\":2,\"name\":\"T\u00e9rminos\"}]},{\"@type\":\"WebSite\",\"@id\":\"https:\\\/\\\/bluereefcapital.com\\\/es\\\/#website\",\"url\":\"https:\\\/\\\/bluereefcapital.com\\\/es\\\/\",\"name\":\"Bluereef Capital\",\"description\":\"\",\"publisher\":{\"@id\":\"https:\\\/\\\/bluereefcapital.com\\\/es\\\/#organization\"},\"potentialAction\":[{\"@type\":\"SearchAction\",\"target\":{\"@type\":\"EntryPoint\",\"urlTemplate\":\"https:\\\/\\\/bluereefcapital.com\\\/es\\\/?s={search_term_string}\"},\"query-input\":{\"@type\":\"PropertyValueSpecification\",\"valueRequired\":true,\"valueName\":\"search_term_string\"}}],\"inLanguage\":\"es\"},{\"@type\":\"Organization\",\"@id\":\"https:\\\/\\\/bluereefcapital.com\\\/es\\\/#organization\",\"name\":\"Bluereef Capital\",\"url\":\"https:\\\/\\\/bluereefcapital.com\\\/es\\\/\",\"logo\":{\"@type\":\"ImageObject\",\"inLanguage\":\"es\",\"@id\":\"https:\\\/\\\/bluereefcapital.com\\\/es\\\/#\\\/schema\\\/logo\\\/image\\\/\",\"url\":\"https:\\\/\\\/bluereefcapital.com\\\/wp-content\\\/uploads\\\/2022\\\/10\\\/Bluereef_Logo_1.jpg\",\"contentUrl\":\"https:\\\/\\\/bluereefcapital.com\\\/wp-content\\\/uploads\\\/2022\\\/10\\\/Bluereef_Logo_1.jpg\",\"width\":2359,\"height\":521,\"caption\":\"Bluereef Capital\"},\"image\":{\"@id\":\"https:\\\/\\\/bluereefcapital.com\\\/es\\\/#\\\/schema\\\/logo\\\/image\\\/\"},\"sameAs\":[\"https:\\\/\\\/www.instagram.com\\\/bluereef.capital\\\/\",\"https:\\\/\\\/www.linkedin.com\\\/company\\\/bluereef-capital\\\/\"]}]}<\/script>\n<!-- \/ Yoast SEO plugin. -->","yoast_head_json":{"title":"T\u00e9rminos - Bluereef Capital","robots":{"index":"index","follow":"follow","max-snippet":"max-snippet:-1","max-image-preview":"max-image-preview:large","max-video-preview":"max-video-preview:-1"},"canonical":"https:\/\/bluereefcapital.com\/es\/terminos\/","og_locale":"es_ES","og_type":"article","og_title":"T\u00e9rminos - Bluereef Capital","og_description":"[vc_row][vc_column][vc_column_text] Descargos de responsabilidad\u00a0de BlueReef Capital: Divulgaciones legales y t\u00e9rminos de uso de BlueReef Capital \u00daltima actualizaci\u00f3n: marzo de 2023 BlueReef Capital es un asesor de inversiones registrado en la Comisi\u00f3n de Bolsa y Valores de los Estados Unidos. La informaci\u00f3n en este sitio web se proporciona \u00fanicamente con fines educativos o informativos. BlueReef Capital [&hellip;]","og_url":"https:\/\/bluereefcapital.com\/es\/terminos\/","og_site_name":"Bluereef Capital","article_modified_time":"2023-08-04T15:16:50+00:00","twitter_card":"summary_large_image","twitter_misc":{"Tiempo de lectura":"5 minutos"},"schema":{"@context":"https:\/\/schema.org","@graph":[{"@type":"WebPage","@id":"https:\/\/bluereefcapital.com\/es\/terminos\/","url":"https:\/\/bluereefcapital.com\/es\/terminos\/","name":"T\u00e9rminos - Bluereef Capital","isPartOf":{"@id":"https:\/\/bluereefcapital.com\/es\/#website"},"datePublished":"2022-09-01T21:59:45+00:00","dateModified":"2023-08-04T15:16:50+00:00","breadcrumb":{"@id":"https:\/\/bluereefcapital.com\/es\/terminos\/#breadcrumb"},"inLanguage":"es","potentialAction":[{"@type":"ReadAction","target":["https:\/\/bluereefcapital.com\/es\/terminos\/"]}]},{"@type":"BreadcrumbList","@id":"https:\/\/bluereefcapital.com\/es\/terminos\/#breadcrumb","itemListElement":[{"@type":"ListItem","position":1,"name":"Home","item":"https:\/\/bluereefcapital.com\/es\/"},{"@type":"ListItem","position":2,"name":"T\u00e9rminos"}]},{"@type":"WebSite","@id":"https:\/\/bluereefcapital.com\/es\/#website","url":"https:\/\/bluereefcapital.com\/es\/","name":"Bluereef Capital","description":"","publisher":{"@id":"https:\/\/bluereefcapital.com\/es\/#organization"},"potentialAction":[{"@type":"SearchAction","target":{"@type":"EntryPoint","urlTemplate":"https:\/\/bluereefcapital.com\/es\/?s={search_term_string}"},"query-input":{"@type":"PropertyValueSpecification","valueRequired":true,"valueName":"search_term_string"}}],"inLanguage":"es"},{"@type":"Organization","@id":"https:\/\/bluereefcapital.com\/es\/#organization","name":"Bluereef Capital","url":"https:\/\/bluereefcapital.com\/es\/","logo":{"@type":"ImageObject","inLanguage":"es","@id":"https:\/\/bluereefcapital.com\/es\/#\/schema\/logo\/image\/","url":"https:\/\/bluereefcapital.com\/wp-content\/uploads\/2022\/10\/Bluereef_Logo_1.jpg","contentUrl":"https:\/\/bluereefcapital.com\/wp-content\/uploads\/2022\/10\/Bluereef_Logo_1.jpg","width":2359,"height":521,"caption":"Bluereef Capital"},"image":{"@id":"https:\/\/bluereefcapital.com\/es\/#\/schema\/logo\/image\/"},"sameAs":["https:\/\/www.instagram.com\/bluereef.capital\/","https:\/\/www.linkedin.com\/company\/bluereef-capital\/"]}]}},"_links":{"self":[{"href":"https:\/\/bluereefcapital.com\/es\/wp-json\/wp\/v2\/pages\/796","targetHints":{"allow":["GET"]}}],"collection":[{"href":"https:\/\/bluereefcapital.com\/es\/wp-json\/wp\/v2\/pages"}],"about":[{"href":"https:\/\/bluereefcapital.com\/es\/wp-json\/wp\/v2\/types\/page"}],"author":[{"embeddable":true,"href":"https:\/\/bluereefcapital.com\/es\/wp-json\/wp\/v2\/users\/1"}],"replies":[{"embeddable":true,"href":"https:\/\/bluereefcapital.com\/es\/wp-json\/wp\/v2\/comments?post=796"}],"version-history":[{"count":0,"href":"https:\/\/bluereefcapital.com\/es\/wp-json\/wp\/v2\/pages\/796\/revisions"}],"wp:attachment":[{"href":"https:\/\/bluereefcapital.com\/es\/wp-json\/wp\/v2\/media?parent=796"}],"curies":[{"name":"wp","href":"https:\/\/api.w.org\/{rel}","templated":true}]}}