{"id":793,"date":"2022-09-01T21:59:24","date_gmt":"2022-09-01T21:59:24","guid":{"rendered":"https:\/\/bluereefcapital.com\/politica-de-privacidad\/"},"modified":"2023-04-18T11:12:52","modified_gmt":"2023-04-18T11:12:52","slug":"politica-de-privacidad","status":"publish","type":"page","link":"https:\/\/bluereefcapital.com\/es\/politica-de-privacidad\/","title":{"rendered":"Pol\u00edtica de privacidad"},"content":{"rendered":"<div class=\"wpb-content-wrapper\"><p>[vc_row el_id=&#8221;privacy-policy&#8221;][vc_column][vc_column_text]<\/p>\n<h1>Pol\u00edtica de <span style=\"text-decoration: underline;\">privacidad<\/span><\/h1>\n<p><strong>BlueReef Capital se preocupa por su derecho a la privacidad. Cuando visita nuestro sitio web, tenga en cuenta que se recopilan los siguientes datos:<\/strong><\/p>\n<ul>\n<li>El tipo de navegador utilizado<\/li>\n<li>Regi\u00f3n geogr\u00e1fica desde la que se origina la conexi\u00f3n<\/li>\n<li>Fecha y hora de la conexi\u00f3n<\/li>\n<li>P\u00e1ginas visitadas durante la conexi\u00f3n<\/li>\n<li>Fecha y hora en que se cort\u00f3 la conexi\u00f3n<\/li>\n<\/ul>\n<p>Esta informaci\u00f3n se utiliza \u00fanicamente para determinar los patrones de tr\u00e1fico en el sitio. No se recopila informaci\u00f3n personal en ning\u00fan momento. Cualquier correspondencia personal con nosotros que se origine en este sitio a trav\u00e9s de uno de los enlaces de correo electr\u00f3nico ser\u00e1 solo para uso interno y se tratar\u00e1 de manera confidencial. No divulgamos informaci\u00f3n personal a ning\u00fan tercero sin consentimiento. Si tiene preguntas o inquietudes sobre nuestra pol\u00edtica, comun\u00edquese con nosotros por estos medios:[\/vc_column_text]<div class=\"contact-block\" id=\"\">\r\n            <div class=\"phone\"><a href=\"tel:(305) 392-6932\">(305) 392-6932<\/a><\/div>\r\n            <div class=\"email\"><a href=\"mailto:contact@bluereefcapital.com\">contact@bluereefcapital.com<\/a><br\/><\/div>\r\n            \r\n        <\/div>[\/vc_column][\/vc_row]<\/p>\n<\/div>","protected":false},"excerpt":{"rendered":"<p>[vc_row el_id=&#8221;privacy-policy&#8221;][vc_column][vc_column_text] Pol\u00edtica de privacidad BlueReef Capital se preocupa por su derecho a la privacidad. Cuando visita nuestro sitio web, tenga en cuenta que se recopilan los siguientes datos: El tipo de navegador utilizado Regi\u00f3n geogr\u00e1fica desde la que se origina la conexi\u00f3n Fecha y hora de la conexi\u00f3n P\u00e1ginas visitadas durante la conexi\u00f3n Fecha [&hellip;]<\/p>\n","protected":false},"author":1,"featured_media":0,"parent":0,"menu_order":0,"comment_status":"closed","ping_status":"closed","template":"page-container.php","meta":{"_acf_changed":false,"inline_featured_image":false,"footnotes":""},"class_list":["post-793","page","type-page","status-publish","hentry"],"acf":[],"yoast_head":"<!-- This site is optimized with the Yoast SEO plugin v27.4 - https:\/\/yoast.com\/product\/yoast-seo-wordpress\/ -->\n<title>Pol\u00edtica de privacidad - Bluereef Capital<\/title>\n<meta name=\"robots\" content=\"index, follow, max-snippet:-1, max-image-preview:large, max-video-preview:-1\" \/>\n<link rel=\"canonical\" href=\"https:\/\/bluereefcapital.com\/es\/politica-de-privacidad\/\" \/>\n<meta property=\"og:locale\" content=\"es_ES\" \/>\n<meta property=\"og:type\" content=\"article\" \/>\n<meta property=\"og:title\" content=\"Pol\u00edtica de privacidad - Bluereef Capital\" \/>\n<meta property=\"og:description\" content=\"[vc_row el_id=&#8221;privacy-policy&#8221;][vc_column][vc_column_text] Pol\u00edtica de privacidad BlueReef Capital se preocupa por su derecho a la privacidad. Cuando visita nuestro sitio web, tenga en cuenta que se recopilan los siguientes datos: El tipo de navegador utilizado Regi\u00f3n geogr\u00e1fica desde la que se origina la conexi\u00f3n Fecha y hora de la conexi\u00f3n P\u00e1ginas visitadas durante la conexi\u00f3n Fecha [&hellip;]\" \/>\n<meta property=\"og:url\" content=\"https:\/\/bluereefcapital.com\/es\/politica-de-privacidad\/\" \/>\n<meta property=\"og:site_name\" content=\"Bluereef Capital\" \/>\n<meta property=\"article:modified_time\" content=\"2023-04-18T11:12:52+00:00\" \/>\n<meta name=\"twitter:card\" content=\"summary_large_image\" \/>\n<meta name=\"twitter:label1\" content=\"Tiempo de lectura\" \/>\n\t<meta name=\"twitter:data1\" content=\"1 minuto\" \/>\n<script type=\"application\/ld+json\" class=\"yoast-schema-graph\">{\"@context\":\"https:\\\/\\\/schema.org\",\"@graph\":[{\"@type\":\"WebPage\",\"@id\":\"https:\\\/\\\/bluereefcapital.com\\\/es\\\/politica-de-privacidad\\\/\",\"url\":\"https:\\\/\\\/bluereefcapital.com\\\/es\\\/politica-de-privacidad\\\/\",\"name\":\"Pol\u00edtica de privacidad - Bluereef Capital\",\"isPartOf\":{\"@id\":\"https:\\\/\\\/bluereefcapital.com\\\/es\\\/#website\"},\"datePublished\":\"2022-09-01T21:59:24+00:00\",\"dateModified\":\"2023-04-18T11:12:52+00:00\",\"breadcrumb\":{\"@id\":\"https:\\\/\\\/bluereefcapital.com\\\/es\\\/politica-de-privacidad\\\/#breadcrumb\"},\"inLanguage\":\"es\",\"potentialAction\":[{\"@type\":\"ReadAction\",\"target\":[\"https:\\\/\\\/bluereefcapital.com\\\/es\\\/politica-de-privacidad\\\/\"]}]},{\"@type\":\"BreadcrumbList\",\"@id\":\"https:\\\/\\\/bluereefcapital.com\\\/es\\\/politica-de-privacidad\\\/#breadcrumb\",\"itemListElement\":[{\"@type\":\"ListItem\",\"position\":1,\"name\":\"Home\",\"item\":\"https:\\\/\\\/bluereefcapital.com\\\/es\\\/\"},{\"@type\":\"ListItem\",\"position\":2,\"name\":\"Pol\u00edtica de privacidad\"}]},{\"@type\":\"WebSite\",\"@id\":\"https:\\\/\\\/bluereefcapital.com\\\/es\\\/#website\",\"url\":\"https:\\\/\\\/bluereefcapital.com\\\/es\\\/\",\"name\":\"Bluereef Capital\",\"description\":\"\",\"publisher\":{\"@id\":\"https:\\\/\\\/bluereefcapital.com\\\/es\\\/#organization\"},\"potentialAction\":[{\"@type\":\"SearchAction\",\"target\":{\"@type\":\"EntryPoint\",\"urlTemplate\":\"https:\\\/\\\/bluereefcapital.com\\\/es\\\/?s={search_term_string}\"},\"query-input\":{\"@type\":\"PropertyValueSpecification\",\"valueRequired\":true,\"valueName\":\"search_term_string\"}}],\"inLanguage\":\"es\"},{\"@type\":\"Organization\",\"@id\":\"https:\\\/\\\/bluereefcapital.com\\\/es\\\/#organization\",\"name\":\"Bluereef Capital\",\"url\":\"https:\\\/\\\/bluereefcapital.com\\\/es\\\/\",\"logo\":{\"@type\":\"ImageObject\",\"inLanguage\":\"es\",\"@id\":\"https:\\\/\\\/bluereefcapital.com\\\/es\\\/#\\\/schema\\\/logo\\\/image\\\/\",\"url\":\"https:\\\/\\\/bluereefcapital.com\\\/wp-content\\\/uploads\\\/2022\\\/10\\\/Bluereef_Logo_1.jpg\",\"contentUrl\":\"https:\\\/\\\/bluereefcapital.com\\\/wp-content\\\/uploads\\\/2022\\\/10\\\/Bluereef_Logo_1.jpg\",\"width\":2359,\"height\":521,\"caption\":\"Bluereef Capital\"},\"image\":{\"@id\":\"https:\\\/\\\/bluereefcapital.com\\\/es\\\/#\\\/schema\\\/logo\\\/image\\\/\"},\"sameAs\":[\"https:\\\/\\\/www.instagram.com\\\/bluereef.capital\\\/\",\"https:\\\/\\\/www.linkedin.com\\\/company\\\/bluereef-capital\\\/\"]}]}<\/script>\n<!-- \/ Yoast SEO plugin. -->","yoast_head_json":{"title":"Pol\u00edtica de privacidad - Bluereef Capital","robots":{"index":"index","follow":"follow","max-snippet":"max-snippet:-1","max-image-preview":"max-image-preview:large","max-video-preview":"max-video-preview:-1"},"canonical":"https:\/\/bluereefcapital.com\/es\/politica-de-privacidad\/","og_locale":"es_ES","og_type":"article","og_title":"Pol\u00edtica de privacidad - Bluereef Capital","og_description":"[vc_row el_id=&#8221;privacy-policy&#8221;][vc_column][vc_column_text] Pol\u00edtica de privacidad BlueReef Capital se preocupa por su derecho a la privacidad. Cuando visita nuestro sitio web, tenga en cuenta que se recopilan los siguientes datos: El tipo de navegador utilizado Regi\u00f3n geogr\u00e1fica desde la que se origina la conexi\u00f3n Fecha y hora de la conexi\u00f3n P\u00e1ginas visitadas durante la conexi\u00f3n Fecha [&hellip;]","og_url":"https:\/\/bluereefcapital.com\/es\/politica-de-privacidad\/","og_site_name":"Bluereef Capital","article_modified_time":"2023-04-18T11:12:52+00:00","twitter_card":"summary_large_image","twitter_misc":{"Tiempo de lectura":"1 minuto"},"schema":{"@context":"https:\/\/schema.org","@graph":[{"@type":"WebPage","@id":"https:\/\/bluereefcapital.com\/es\/politica-de-privacidad\/","url":"https:\/\/bluereefcapital.com\/es\/politica-de-privacidad\/","name":"Pol\u00edtica de privacidad - Bluereef Capital","isPartOf":{"@id":"https:\/\/bluereefcapital.com\/es\/#website"},"datePublished":"2022-09-01T21:59:24+00:00","dateModified":"2023-04-18T11:12:52+00:00","breadcrumb":{"@id":"https:\/\/bluereefcapital.com\/es\/politica-de-privacidad\/#breadcrumb"},"inLanguage":"es","potentialAction":[{"@type":"ReadAction","target":["https:\/\/bluereefcapital.com\/es\/politica-de-privacidad\/"]}]},{"@type":"BreadcrumbList","@id":"https:\/\/bluereefcapital.com\/es\/politica-de-privacidad\/#breadcrumb","itemListElement":[{"@type":"ListItem","position":1,"name":"Home","item":"https:\/\/bluereefcapital.com\/es\/"},{"@type":"ListItem","position":2,"name":"Pol\u00edtica de privacidad"}]},{"@type":"WebSite","@id":"https:\/\/bluereefcapital.com\/es\/#website","url":"https:\/\/bluereefcapital.com\/es\/","name":"Bluereef Capital","description":"","publisher":{"@id":"https:\/\/bluereefcapital.com\/es\/#organization"},"potentialAction":[{"@type":"SearchAction","target":{"@type":"EntryPoint","urlTemplate":"https:\/\/bluereefcapital.com\/es\/?s={search_term_string}"},"query-input":{"@type":"PropertyValueSpecification","valueRequired":true,"valueName":"search_term_string"}}],"inLanguage":"es"},{"@type":"Organization","@id":"https:\/\/bluereefcapital.com\/es\/#organization","name":"Bluereef Capital","url":"https:\/\/bluereefcapital.com\/es\/","logo":{"@type":"ImageObject","inLanguage":"es","@id":"https:\/\/bluereefcapital.com\/es\/#\/schema\/logo\/image\/","url":"https:\/\/bluereefcapital.com\/wp-content\/uploads\/2022\/10\/Bluereef_Logo_1.jpg","contentUrl":"https:\/\/bluereefcapital.com\/wp-content\/uploads\/2022\/10\/Bluereef_Logo_1.jpg","width":2359,"height":521,"caption":"Bluereef Capital"},"image":{"@id":"https:\/\/bluereefcapital.com\/es\/#\/schema\/logo\/image\/"},"sameAs":["https:\/\/www.instagram.com\/bluereef.capital\/","https:\/\/www.linkedin.com\/company\/bluereef-capital\/"]}]}},"_links":{"self":[{"href":"https:\/\/bluereefcapital.com\/es\/wp-json\/wp\/v2\/pages\/793","targetHints":{"allow":["GET"]}}],"collection":[{"href":"https:\/\/bluereefcapital.com\/es\/wp-json\/wp\/v2\/pages"}],"about":[{"href":"https:\/\/bluereefcapital.com\/es\/wp-json\/wp\/v2\/types\/page"}],"author":[{"embeddable":true,"href":"https:\/\/bluereefcapital.com\/es\/wp-json\/wp\/v2\/users\/1"}],"replies":[{"embeddable":true,"href":"https:\/\/bluereefcapital.com\/es\/wp-json\/wp\/v2\/comments?post=793"}],"version-history":[{"count":0,"href":"https:\/\/bluereefcapital.com\/es\/wp-json\/wp\/v2\/pages\/793\/revisions"}],"wp:attachment":[{"href":"https:\/\/bluereefcapital.com\/es\/wp-json\/wp\/v2\/media?parent=793"}],"curies":[{"name":"wp","href":"https:\/\/api.w.org\/{rel}","templated":true}]}}