{"id":749,"date":"2022-09-01T19:57:53","date_gmt":"2022-09-01T19:57:53","guid":{"rendered":"https:\/\/bluereefcapital.com\/inversiones\/"},"modified":"2025-12-20T12:40:35","modified_gmt":"2025-12-20T12:40:35","slug":"inversiones","status":"publish","type":"page","link":"https:\/\/bluereefcapital.com\/es\/inversiones\/","title":{"rendered":"Inversiones y ahorros"},"content":{"rendered":"<div class=\"wpb-content-wrapper\"><p>[vc_section el_class=&#8221;section-dark&#8221; el_id=&#8221;investments-hero&#8221;][vc_row el_class=&#8221;investments-hero-top-row&#8221;][vc_column el_class=&#8221;investments-hero-image&#8221; offset=&#8221;vc_col-lg-5 vc_col-md-5&#8243;]<div class=\"lottieplayer-container\" id=\"\">\r\n                    <lottie-player \r\n                      src=\"https:\/\/assets10.lottiefiles.com\/packages\/lf20_u6bY8BiyKd.json\"  \r\n                      background=\"transparent\"  \r\n                      speed=\"1\"  loop  autoplay>\r\n                    <\/lottie-player>\r\n                  <\/div>[\/vc_column][vc_column el_class=&#8221;investments-hero-caption&#8221; offset=&#8221;vc_col-lg-7 vc_col-md-7&#8243;][vc_custom_heading text=&#8221;Acceso simplificado a inversiones de calidad&#8221; font_container=&#8221;tag:h1|text_align:left&#8221; use_theme_fonts=&#8221;yes&#8221;][vc_custom_heading text=&#8221;Cuentas generales de inversi\u00f3n <u>con portafolios inteligentes<\/u>&#8221; use_theme_fonts=&#8221;yes&#8221; el_class=&#8221;h3&#8243;][\/vc_column][\/vc_row][vc_row el_class=&#8221;investments-hero-row&#8221;][vc_column width=&#8221;1\/3&#8243;]<div class=\"icon-item\" id=\"\">\r\n                      <div class=\"icon-item-image\"><img decoding=\"async\" src=\"https:\/\/bluereefcapital.com\/wp-content\/uploads\/2022\/09\/icon-portfolio.svg\" alt=\"\" \/><\/div>\r\n                      <div class=\"icon-item-text\"><p>F\u00e1cil apertura y<br \/>\nmantenimiento<\/p>\n<\/div>\r\n                  <\/div>[\/vc_column][vc_column width=&#8221;1\/3&#8243;]<div class=\"icon-item\" id=\"\">\r\n                      <div class=\"icon-item-image\"><img decoding=\"async\" src=\"https:\/\/bluereefcapital.com\/wp-content\/uploads\/2022\/09\/icon-cash.svg\" alt=\"\" \/><\/div>\r\n                      <div class=\"icon-item-text\"><p>Sin m\u00ednimos<\/p>\n<\/div>\r\n                  <\/div>[\/vc_column][vc_column width=&#8221;1\/3&#8243;]<div class=\"icon-item\" id=\"\">\r\n                      <div class=\"icon-item-image\"><img decoding=\"async\" src=\"https:\/\/bluereefcapital.com\/wp-content\/uploads\/2022\/09\/icon-wiffi.svg\" alt=\"\" \/><\/div>\r\n                      <div class=\"icon-item-text\"><p>Totalmente digital y<br \/>\ntransparente<\/p>\n<\/div>\r\n                  <\/div>[\/vc_column][\/vc_row][\/vc_section][vc_section el_id=&#8221;investments&#8221;][vc_row][vc_column width=&#8221;1\/6&#8243;][\/vc_column][vc_column width=&#8221;2\/3&#8243; el_class=&#8221;investments-caption&#8221;][vc_column_text]<\/p>\n<h2>Elige una estrategia de cartera de inversiones <u>que se adapte a tus objetivos<\/u><\/h2>\n<p>Te ayudamos a elegir una estrategia de portafolio adecuada a tus objetivos financieros.<\/p>\n<p><strong>Nuestros 20 a\u00f1os de experiencia individual nos permiten ofrecerte productos de primer nivel en un formato simplificado. El futuro pertenece a los que invierten en \u00e9l.<\/strong>[\/vc_column_text][\/vc_column][vc_column width=&#8221;1\/6&#8243;][\/vc_column][\/vc_row][vc_row el_id=&#8221;investment-intelligent&#8221;][vc_column el_class=&#8221;investment-intelligent-block&#8221;][vc_row_inner][vc_column_inner width=&#8221;7\/12&#8243;][vc_column_text el_class=&#8221;investment-intelligent-caption&#8221;]<\/p>\n<h2>Portafolios de <span style=\"text-decoration: underline;\">inversi\u00f3n inteligentes<\/span><\/h2>\n<p>Despu\u00e9s de seleccionar el portafolio que mejor se adapte a tus preferencias, todo lo que necesitas hacer es realizar un dep\u00f3sito en tu cuenta de BlueReef, \u00a1y nosotros nos encargaremos del resto! Nuestros algoritmos avanzados gestionan y reequilibran continuamente tus inversiones, simplificando el proceso de inversi\u00f3n y brindando resultados superiores a un costo inferior.[\/vc_column_text][\/vc_column_inner][vc_column_inner width=&#8221;5\/12&#8243;][vc_single_image image=&#8221;1265&#8243; img_size=&#8221;full&#8221; el_class=&#8221;investment-intelligent-image&#8221;][\/vc_column_inner][\/vc_row_inner][vc_row_inner el_class=&#8221;investment-intelligent-features&#8221;][vc_column_inner el_class=&#8221;investment-intelligent-feature investment-intelligent-feature-1&#8243; offset=&#8221;vc_col-md-4&#8243;][vc_single_image image=&#8221;1261&#8243; img_size=&#8221;full&#8221; el_class=&#8221;icon icon-1&#8243;][vc_custom_heading text=&#8221;Reequilibrio de cartera&#8221; font_container=&#8221;tag:h3|text_align:left&#8221; use_theme_fonts=&#8221;yes&#8221;][vc_column_text el_class=&#8221;description&#8221;]Nos aseguramos de que tu cartera mantenga la asignaci\u00f3n establecida entre acciones y bonos para un crecimiento optimizado.[\/vc_column_text][\/vc_column_inner][vc_column_inner el_class=&#8221;investment-intelligent-feature investment-intelligent-feature-2&#8243; offset=&#8221;vc_col-md-4&#8243;][vc_single_image image=&#8221;1263&#8243; img_size=&#8221;full&#8221; el_class=&#8221;icon icon-2&#8243;][vc_custom_heading text=&#8221;Reinversi\u00f3n de dividendos&#8221; font_container=&#8221;tag:h3|text_align:left&#8221; use_theme_fonts=&#8221;yes&#8221;][vc_column_text el_class=&#8221;description&#8221;]Los dividendos se reinvierten para evitar la acumulaci\u00f3n de efectivo inactivo que no est\u00e1 trabajando para ti.[\/vc_column_text][\/vc_column_inner][vc_column_inner el_class=&#8221;investment-intelligent-feature investment-intelligent-feature-3&#8243; offset=&#8221;vc_col-md-4&#8243;][vc_single_image image=&#8221;1267&#8243; img_size=&#8221;full&#8221; el_class=&#8221;icon icon-3&#8243;][vc_custom_heading text=&#8221;Dep\u00f3sitos peri\u00f3dicos&#8221; font_container=&#8221;tag:h3|text_align:left&#8221; use_theme_fonts=&#8221;yes&#8221;][vc_column_text el_class=&#8221;description&#8221;]Puedes programar tus dep\u00f3sitos autom\u00e1ticos de acuerdo con tu l\u00ednea de tiempo preferida, ya sea semanal o mensualmente. Una excelente manera de hacer crecer tus ahorros.[\/vc_column_text][\/vc_column_inner][\/vc_row_inner][\/vc_column][\/vc_row][vc_row el_class=&#8221;investments-row&#8221;][vc_column width=&#8221;1\/2&#8243; offset=&#8221;vc_col-lg-4 vc_col-md-6&#8243;]<a class=\"card-link investment-card\" id=\"\" href=\"https:\/\/bluereefcapital.com\/es\/portfolio\/core\/\">\r\n                      <div class=\"card-link-header\">\r\n                        <img decoding=\"async\" src=\"https:\/\/bluereefcapital.com\/wp-content\/uploads\/2022\/09\/icon-core.svg\" alt=\"\" \/>\r\n                        <h3>Betterment Core Portfolio<\/h3>\r\n                      <\/div>\r\n                      <div class=\"card-link-body\"><p>Con una amplia gama de acciones y bonos de todo el mundo, bien diversificados, de bajo costo y dise\u00f1ado para inversiones a largo plazo.<\/p>\n<\/div>\r\n                  <\/a>[\/vc_column][vc_column width=&#8221;1\/2&#8243; offset=&#8221;vc_col-lg-4 vc_col-md-6&#8243;]<a class=\"card-link investment-card\" id=\"\" href=\"https:\/\/bluereefcapital.com\/es\/portfolio\/vanguard-growth-global\/\">\r\n                      <div class=\"card-link-header\">\r\n                        <img decoding=\"async\" src=\"https:\/\/bluereefcapital.com\/wp-content\/uploads\/2022\/09\/icon-global.svg\" alt=\"\" \/>\r\n                        <h3>Portafolio Vanguard Growth &amp; Global<\/h3>\r\n                      <\/div>\r\n                      <div class=\"card-link-body\"><p>Un modelo de portafolio de rendimiento total que combina acciones de EEUU e internacionales y bonos de EEUU e internacionales con calificaci\u00f3n.<\/p>\n<\/div>\r\n                  <\/a>[\/vc_column][vc_column width=&#8221;1\/2&#8243; offset=&#8221;vc_col-lg-4 vc_col-md-6&#8243;]<a class=\"card-link investment-card\" id=\"\" href=\"https:\/\/bluereefcapital.com\/es\/portfolio\/reserva-de-efectivo-ahorros\/\">\r\n                      <div class=\"card-link-header\">\r\n                        <img decoding=\"async\" src=\"https:\/\/bluereefcapital.com\/wp-content\/uploads\/2023\/12\/Diseno-sin-titulo.svg\" alt=\"\" \/>\r\n                        <h3>High Yield Savings &amp; Cash Reserves<\/h3>\r\n                      <\/div>\r\n                      <div class=\"card-link-body\"><p><strong>Esta cuenta de 100% cash genera un 3.25% APY<\/strong> (variable), no tiene cargos por saldos y est\u00e1 asegurada por la FDIC hasta $2 millones ($4 millones para cuentas conjuntas).<\/p>\n<\/div>\r\n                  <\/a>[\/vc_column][vc_column width=&#8221;1\/2&#8243; offset=&#8221;vc_col-lg-4 vc_col-md-6&#8243;]<a class=\"card-link investment-card\" id=\"\" href=\"https:\/\/bluereefcapital.com\/es\/portfolio\/inversion-de-impacto-socialmente-responsable\/\">\r\n                      <div class=\"card-link-header\">\r\n                        <img decoding=\"async\" src=\"https:\/\/bluereefcapital.com\/wp-content\/uploads\/2022\/09\/icon-socially.svg\" alt=\"\" \/>\r\n                        <h3>Portafolio de Impacto &amp; Socialmente Responsable<\/h3>\r\n                      <\/div>\r\n                      <div class=\"card-link-body\"><p>Invierte en empresas con un s\u00f3lido compromiso medioambiental, social y corporativo , (ESG) sin comprometer el rendimiento a largo plazo.<\/p>\n<\/div>\r\n                  <\/a>[\/vc_column][vc_column width=&#8221;1\/2&#8243; offset=&#8221;vc_col-lg-4 vc_col-md-6&#8243;]<a class=\"card-link investment-card\" id=\"\" href=\"https:\/\/bluereefcapital.com\/es\/portfolio\/inversiones-de-impacto-climatico\/\">\r\n                      <div class=\"card-link-header\">\r\n                        <img decoding=\"async\" src=\"https:\/\/bluereefcapital.com\/wp-content\/uploads\/2022\/09\/icon-climate.svg\" alt=\"\" \/>\r\n                        <h3>Portafolio de Climate Impact<\/h3>\r\n                      <\/div>\r\n                      <div class=\"card-link-body\"><p>Apunta al crecimiento del portafolio en el largo plazo invirtiendo en empresas libres de carbono y brindando financiamiento a \u201cempresas verdes\u201d prometedoras.<\/p>\n<\/div>\r\n                  <\/a>[\/vc_column][vc_column width=&#8221;1\/2&#8243; offset=&#8221;vc_col-lg-4 vc_col-md-6&#8243;]<a class=\"card-link investment-card\" id=\"\" href=\"https:\/\/bluereefcapital.com\/es\/portfolio\/crypto-universe\/\">\r\n                      <div class=\"card-link-header\">\r\n                        <img decoding=\"async\" src=\"https:\/\/bluereefcapital.com\/wp-content\/uploads\/2022\/09\/icon-crypto.svg\" alt=\"\" \/>\r\n                        <h3>Portafolio Crypto ETF<\/h3>\r\n                      <\/div>\r\n                      <div class=\"card-link-body\"><p class=\"p1\">El portafolio de Smart Crypto ETF sigue los movimientos del mercado de Bitcoin y Ethereum, las criptomonedas m\u00e1s grandes y con mayor volumen de transacciones. Ofrece a los inversores exposici\u00f3n a activos digitales.<\/p>\n<\/div>\r\n                  <\/a>[\/vc_column][vc_column width=&#8221;1\/2&#8243; offset=&#8221;vc_col-lg-4 vc_col-md-6&#8243;]<a class=\"card-link investment-card\" id=\"\" href=\"https:\/\/bluereefcapital.com\/es\/portfolio\/blackrock-target-income\/\">\r\n                      <div class=\"card-link-header\">\r\n                        <img decoding=\"async\" src=\"https:\/\/bluereefcapital.com\/wp-content\/uploads\/2022\/09\/icon-blackrock.svg\" alt=\"\" \/>\r\n                        <h3>Portafolio BlackRock Target Income<\/h3>\r\n                      <\/div>\r\n                      <div class=\"card-link-body\"><p>Una cartera conformada 100% por bonos con distintos rendimientos para mitigar la volatilidad del mercado.<\/p>\n<\/div>\r\n                  <\/a>[\/vc_column][vc_column width=&#8221;1\/2&#8243; offset=&#8221;vc_col-lg-4 vc_col-md-6&#8243;]<a class=\"card-link investment-card\" id=\"\" href=\"https:\/\/bluereefcapital.com\/es\/portfolio\/innovative-technology-high-growth\/\">\r\n                      <div class=\"card-link-header\">\r\n                        <img decoding=\"async\" src=\"https:\/\/bluereefcapital.com\/wp-content\/uploads\/2022\/09\/icon-innovative.svg\" alt=\"\" \/>\r\n                        <h3>Portafolio Innovative Technology, High-Growth<\/h3>\r\n                      <\/div>\r\n                      <div class=\"card-link-body\"><p>Se enfoca en industrias de alto potencial de crecimiento como energ\u00eda limpia, semiconductores, robots, realidad virtual, blockchain y nanotecnolog\u00eda.<\/p>\n<\/div>\r\n                  <\/a>[\/vc_column][vc_column width=&#8221;1\/2&#8243; offset=&#8221;vc_col-lg-4 vc_col-md-6&#8243;]<a class=\"card-link investment-card\" id=\"\" href=\"https:\/\/bluereefcapital.com\/es\/portfolio\/goldman-sachs-smart-beta\/\">\r\n                      <div class=\"card-link-header\">\r\n                        <img decoding=\"async\" src=\"https:\/\/bluereefcapital.com\/wp-content\/uploads\/2022\/09\/icon-goldman.svg\" alt=\"\" \/>\r\n                        <h3>Portafolio Goldman Sachs Smart Beta <\/h3>\r\n                      <\/div>\r\n                      <div class=\"card-link-body\"><p>Invierte a largo plazo en empresas con el potencial de superar el rendimiento medio del mercado, pero con mayor volatilidad.<\/p>\n<\/div>\r\n                  <\/a>[\/vc_column][\/vc_row][\/vc_section][vc_section el_id=&#8221;investments-options&#8221;][vc_row el_class=&#8221;investments-options-row&#8221;][vc_column el_class=&#8221;investments-options-caption&#8221; offset=&#8221;vc_col-md-7&#8243;][vc_custom_heading text=&#8221;Reserva de efectivo y opciones de ahorro&#8221; use_theme_fonts=&#8221;yes&#8221;][vc_custom_heading text=&#8221;La elecci\u00f3n perfecta para el dinero que necesita a corto plazo&#8221; font_container=&#8221;tag:h3|text_align:left&#8221; use_theme_fonts=&#8221;yes&#8221;]<div class=\"icon-item investments-option-item\" id=\"\">\r\n                      <div class=\"icon-item-image\"><img decoding=\"async\" src=\"https:\/\/bluereefcapital.com\/wp-content\/uploads\/2022\/09\/icon-interests.svg\" alt=\"\" \/><\/div>\r\n                      <div class=\"icon-item-text\"><h4>Gana intereses<\/h4>\n<p>Gana intereses sobre tu efectivo con un rendimiento porcentual anual variable (APY) de 3.25%<\/p>\n<\/div>\r\n                  <\/div><div class=\"icon-item investments-option-item\" id=\"\">\r\n                      <div class=\"icon-item-image\"><img decoding=\"async\" src=\"https:\/\/bluereefcapital.com\/wp-content\/uploads\/2022\/09\/icon-money.svg\" alt=\"\" \/><\/div>\r\n                      <div class=\"icon-item-text\"><h4>Retiros ilimitados en cualquier momento<\/h4>\n<p>No hay l\u00edmites sobre la frecuencia con la que puedes mover tu dinero. Puedes retirar la inversi\u00f3n en solo 1 o 2 d\u00edas h\u00e1biles<\/p>\n<\/div>\r\n                  <\/div><div class=\"icon-item investments-option-item\" id=\"\">\r\n                      <div class=\"icon-item-image\"><img decoding=\"async\" src=\"https:\/\/bluereefcapital.com\/wp-content\/uploads\/2022\/09\/icon-peace.svg\" alt=\"\" \/><\/div>\r\n                      <div class=\"icon-item-text\"><h4>Gane tranquilidad<\/h4>\n<p>Aparta dinero para lo que te importa en una cuenta de ahorros<\/p>\n<\/div>\r\n                  <\/div>[vc_btn title=&#8221;Habla con un experto&#8221; link=&#8221;url:https%3A%2F%2Fbluereefcapital.com%2Fes%2Fcontacto%2F|title:Contacto|&#8221; el_class=&#8221;btn btn-dark&#8221;][\/vc_column][vc_column el_class=&#8221;investments-options-image&#8221; offset=&#8221;vc_col-md-5&#8243;][vc_single_image image=&#8221;45126&#8243; img_size=&#8221;597&#215;730&#8243;][\/vc_column][\/vc_row][\/vc_section][vc_section el_id=&#8221;investments-crypto&#8221;][vc_row el_class=&#8221;investments-crypto-row&#8221;][vc_column width=&#8221;1\/2&#8243;]<div class=\"lottieplayer-container\" id=\"\">\r\n                    <lottie-player \r\n                      src=\"https:\/\/assets3.lottiefiles.com\/packages\/lf20_lDX4oUDf4m.json\"  \r\n                      background=\"transparent\"  \r\n                      speed=\"1\"  loop  autoplay>\r\n                    <\/lottie-player>\r\n                  <\/div>[\/vc_column][vc_column width=&#8221;1\/2&#8243; el_class=&#8221;investments-crypto-caption&#8221;][vc_custom_heading text=&#8221;Portafolios Crypto&#8221; use_theme_fonts=&#8221;yes&#8221;][vc_custom_heading text=&#8221;\u00danete al futuro e invierte en criptomonedas&#8221; font_container=&#8221;tag:h3|text_align:left&#8221; use_theme_fonts=&#8221;yes&#8221;][vc_column_text]Invertir en criptomonedas puede ser un desaf\u00edo, perm\u00edtanos ayudarlo con carteras creadas por expertos y una experiencia simple.<\/p>\n<p>Invierte en el futuro con una cartera Crypto equilibrada, mitigando algunos de los riesgos y la volatilidad[\/vc_column_text][vc_column_text]<\/p>\n<ul>\n<li>Invierte en activos digitales cuidadosamente seleccionados y diversificados<\/li>\n<li>Obt\u00e9n una exposici\u00f3n m\u00e1s amplia al mercado de activos digitales con una cartera diversificada<\/li>\n<li>Deja que nuestros expertos reequilibre tu cartera de criptomonedas con regularidad<\/li>\n<\/ul>\n<p>[\/vc_column_text][\/vc_column][\/vc_row][vc_row][vc_column width=&#8221;1\/6&#8243;][\/vc_column][vc_column width=&#8221;2\/3&#8243; el_class=&#8221;investments-crypto-bottom&#8221;][vc_column_text]<\/p>\n<h2>Nunca es demasiado tarde para comenzar a construir <u>su riqueza<\/u><\/h2>\n<p>[\/vc_column_text][vc_btn title=&#8221;CONTACTA CON NUESTROS EXPERTOS&#8221; link=&#8221;url:https%3A%2F%2Fbluereefcapital.com%2Fes%2Fcontacto%2F|title:Contacto|&#8221; el_class=&#8221;btn btn-dark&#8221;][\/vc_column][vc_column width=&#8221;1\/6&#8243;][\/vc_column][\/vc_row][\/vc_section]<\/p>\n<\/div>","protected":false},"excerpt":{"rendered":"<p>[vc_section el_class=&#8221;section-dark&#8221; el_id=&#8221;investments-hero&#8221;][vc_row el_class=&#8221;investments-hero-top-row&#8221;][vc_column el_class=&#8221;investments-hero-image&#8221; offset=&#8221;vc_col-lg-5 vc_col-md-5&#8243;][\/vc_column][vc_column el_class=&#8221;investments-hero-caption&#8221; offset=&#8221;vc_col-lg-7 vc_col-md-7&#8243;][vc_custom_heading text=&#8221;Acceso simplificado a inversiones de calidad&#8221; font_container=&#8221;tag:h1|text_align:left&#8221; use_theme_fonts=&#8221;yes&#8221;][vc_custom_heading text=&#8221;Cuentas generales de inversi\u00f3n con portafolios inteligentes&#8221; use_theme_fonts=&#8221;yes&#8221; el_class=&#8221;h3&#8243;][\/vc_column][\/vc_row][vc_row el_class=&#8221;investments-hero-row&#8221;][vc_column width=&#8221;1\/3&#8243;][\/vc_column][vc_column width=&#8221;1\/3&#8243;][\/vc_column][vc_column width=&#8221;1\/3&#8243;][\/vc_column][\/vc_row][\/vc_section][vc_section el_id=&#8221;investments&#8221;][vc_row][vc_column width=&#8221;1\/6&#8243;][\/vc_column][vc_column width=&#8221;2\/3&#8243; el_class=&#8221;investments-caption&#8221;][vc_column_text] Elige una estrategia de cartera de inversiones que se adapte a tus objetivos Te ayudamos a elegir una estrategia de [&hellip;]<\/p>\n","protected":false},"author":1,"featured_media":0,"parent":0,"menu_order":0,"comment_status":"closed","ping_status":"closed","template":"page-vc.php","meta":{"_acf_changed":false,"inline_featured_image":false,"footnotes":""},"class_list":["post-749","page","type-page","status-publish","hentry"],"acf":[],"yoast_head":"<!-- This site is optimized with the Yoast SEO plugin v27.4 - https:\/\/yoast.com\/product\/yoast-seo-wordpress\/ -->\n<title>Inversiones y ahorros - Bluereef Capital<\/title>\n<meta name=\"description\" content=\"Servicios de cuentas de inversi\u00f3n gestionados por expertos en estrategia de portafolios\" \/>\n<meta name=\"robots\" content=\"index, follow, max-snippet:-1, max-image-preview:large, max-video-preview:-1\" \/>\n<link rel=\"canonical\" href=\"https:\/\/bluereefcapital.com\/es\/inversiones\/\" \/>\n<meta property=\"og:locale\" content=\"es_ES\" \/>\n<meta property=\"og:type\" content=\"article\" \/>\n<meta property=\"og:title\" content=\"Inversiones y ahorros - Bluereef Capital\" \/>\n<meta property=\"og:description\" content=\"Servicios de cuentas de inversi\u00f3n gestionados por expertos en estrategia de portafolios\" \/>\n<meta property=\"og:url\" content=\"https:\/\/bluereefcapital.com\/es\/inversiones\/\" \/>\n<meta property=\"og:site_name\" content=\"Bluereef Capital\" \/>\n<meta property=\"article:modified_time\" content=\"2025-12-20T12:40:35+00:00\" \/>\n<meta name=\"twitter:card\" content=\"summary_large_image\" \/>\n<meta name=\"twitter:label1\" content=\"Tiempo de lectura\" \/>\n\t<meta name=\"twitter:data1\" content=\"8 minutos\" \/>\n<script type=\"application\/ld+json\" class=\"yoast-schema-graph\">{\"@context\":\"https:\\\/\\\/schema.org\",\"@graph\":[{\"@type\":\"WebPage\",\"@id\":\"https:\\\/\\\/bluereefcapital.com\\\/es\\\/inversiones\\\/\",\"url\":\"https:\\\/\\\/bluereefcapital.com\\\/es\\\/inversiones\\\/\",\"name\":\"Inversiones y ahorros - Bluereef Capital\",\"isPartOf\":{\"@id\":\"https:\\\/\\\/bluereefcapital.com\\\/es\\\/#website\"},\"datePublished\":\"2022-09-01T19:57:53+00:00\",\"dateModified\":\"2025-12-20T12:40:35+00:00\",\"description\":\"Servicios de cuentas de inversi\u00f3n gestionados por expertos en estrategia de portafolios\",\"breadcrumb\":{\"@id\":\"https:\\\/\\\/bluereefcapital.com\\\/es\\\/inversiones\\\/#breadcrumb\"},\"inLanguage\":\"es\",\"potentialAction\":[{\"@type\":\"ReadAction\",\"target\":[\"https:\\\/\\\/bluereefcapital.com\\\/es\\\/inversiones\\\/\"]}]},{\"@type\":\"BreadcrumbList\",\"@id\":\"https:\\\/\\\/bluereefcapital.com\\\/es\\\/inversiones\\\/#breadcrumb\",\"itemListElement\":[{\"@type\":\"ListItem\",\"position\":1,\"name\":\"Home\",\"item\":\"https:\\\/\\\/bluereefcapital.com\\\/es\\\/\"},{\"@type\":\"ListItem\",\"position\":2,\"name\":\"Inversiones y ahorros\"}]},{\"@type\":\"WebSite\",\"@id\":\"https:\\\/\\\/bluereefcapital.com\\\/es\\\/#website\",\"url\":\"https:\\\/\\\/bluereefcapital.com\\\/es\\\/\",\"name\":\"Bluereef Capital\",\"description\":\"\",\"publisher\":{\"@id\":\"https:\\\/\\\/bluereefcapital.com\\\/es\\\/#organization\"},\"potentialAction\":[{\"@type\":\"SearchAction\",\"target\":{\"@type\":\"EntryPoint\",\"urlTemplate\":\"https:\\\/\\\/bluereefcapital.com\\\/es\\\/?s={search_term_string}\"},\"query-input\":{\"@type\":\"PropertyValueSpecification\",\"valueRequired\":true,\"valueName\":\"search_term_string\"}}],\"inLanguage\":\"es\"},{\"@type\":\"Organization\",\"@id\":\"https:\\\/\\\/bluereefcapital.com\\\/es\\\/#organization\",\"name\":\"Bluereef Capital\",\"url\":\"https:\\\/\\\/bluereefcapital.com\\\/es\\\/\",\"logo\":{\"@type\":\"ImageObject\",\"inLanguage\":\"es\",\"@id\":\"https:\\\/\\\/bluereefcapital.com\\\/es\\\/#\\\/schema\\\/logo\\\/image\\\/\",\"url\":\"https:\\\/\\\/bluereefcapital.com\\\/wp-content\\\/uploads\\\/2022\\\/10\\\/Bluereef_Logo_1.jpg\",\"contentUrl\":\"https:\\\/\\\/bluereefcapital.com\\\/wp-content\\\/uploads\\\/2022\\\/10\\\/Bluereef_Logo_1.jpg\",\"width\":2359,\"height\":521,\"caption\":\"Bluereef Capital\"},\"image\":{\"@id\":\"https:\\\/\\\/bluereefcapital.com\\\/es\\\/#\\\/schema\\\/logo\\\/image\\\/\"},\"sameAs\":[\"https:\\\/\\\/www.instagram.com\\\/bluereef.capital\\\/\",\"https:\\\/\\\/www.linkedin.com\\\/company\\\/bluereef-capital\\\/\"]}]}<\/script>\n<!-- \/ Yoast SEO plugin. -->","yoast_head_json":{"title":"Inversiones y ahorros - Bluereef Capital","description":"Servicios de cuentas de inversi\u00f3n gestionados por expertos en estrategia de portafolios","robots":{"index":"index","follow":"follow","max-snippet":"max-snippet:-1","max-image-preview":"max-image-preview:large","max-video-preview":"max-video-preview:-1"},"canonical":"https:\/\/bluereefcapital.com\/es\/inversiones\/","og_locale":"es_ES","og_type":"article","og_title":"Inversiones y ahorros - Bluereef Capital","og_description":"Servicios de cuentas de inversi\u00f3n gestionados por expertos en estrategia de portafolios","og_url":"https:\/\/bluereefcapital.com\/es\/inversiones\/","og_site_name":"Bluereef Capital","article_modified_time":"2025-12-20T12:40:35+00:00","twitter_card":"summary_large_image","twitter_misc":{"Tiempo de lectura":"8 minutos"},"schema":{"@context":"https:\/\/schema.org","@graph":[{"@type":"WebPage","@id":"https:\/\/bluereefcapital.com\/es\/inversiones\/","url":"https:\/\/bluereefcapital.com\/es\/inversiones\/","name":"Inversiones y ahorros - Bluereef Capital","isPartOf":{"@id":"https:\/\/bluereefcapital.com\/es\/#website"},"datePublished":"2022-09-01T19:57:53+00:00","dateModified":"2025-12-20T12:40:35+00:00","description":"Servicios de cuentas de inversi\u00f3n gestionados por expertos en estrategia de portafolios","breadcrumb":{"@id":"https:\/\/bluereefcapital.com\/es\/inversiones\/#breadcrumb"},"inLanguage":"es","potentialAction":[{"@type":"ReadAction","target":["https:\/\/bluereefcapital.com\/es\/inversiones\/"]}]},{"@type":"BreadcrumbList","@id":"https:\/\/bluereefcapital.com\/es\/inversiones\/#breadcrumb","itemListElement":[{"@type":"ListItem","position":1,"name":"Home","item":"https:\/\/bluereefcapital.com\/es\/"},{"@type":"ListItem","position":2,"name":"Inversiones y ahorros"}]},{"@type":"WebSite","@id":"https:\/\/bluereefcapital.com\/es\/#website","url":"https:\/\/bluereefcapital.com\/es\/","name":"Bluereef Capital","description":"","publisher":{"@id":"https:\/\/bluereefcapital.com\/es\/#organization"},"potentialAction":[{"@type":"SearchAction","target":{"@type":"EntryPoint","urlTemplate":"https:\/\/bluereefcapital.com\/es\/?s={search_term_string}"},"query-input":{"@type":"PropertyValueSpecification","valueRequired":true,"valueName":"search_term_string"}}],"inLanguage":"es"},{"@type":"Organization","@id":"https:\/\/bluereefcapital.com\/es\/#organization","name":"Bluereef Capital","url":"https:\/\/bluereefcapital.com\/es\/","logo":{"@type":"ImageObject","inLanguage":"es","@id":"https:\/\/bluereefcapital.com\/es\/#\/schema\/logo\/image\/","url":"https:\/\/bluereefcapital.com\/wp-content\/uploads\/2022\/10\/Bluereef_Logo_1.jpg","contentUrl":"https:\/\/bluereefcapital.com\/wp-content\/uploads\/2022\/10\/Bluereef_Logo_1.jpg","width":2359,"height":521,"caption":"Bluereef Capital"},"image":{"@id":"https:\/\/bluereefcapital.com\/es\/#\/schema\/logo\/image\/"},"sameAs":["https:\/\/www.instagram.com\/bluereef.capital\/","https:\/\/www.linkedin.com\/company\/bluereef-capital\/"]}]}},"_links":{"self":[{"href":"https:\/\/bluereefcapital.com\/es\/wp-json\/wp\/v2\/pages\/749","targetHints":{"allow":["GET"]}}],"collection":[{"href":"https:\/\/bluereefcapital.com\/es\/wp-json\/wp\/v2\/pages"}],"about":[{"href":"https:\/\/bluereefcapital.com\/es\/wp-json\/wp\/v2\/types\/page"}],"author":[{"embeddable":true,"href":"https:\/\/bluereefcapital.com\/es\/wp-json\/wp\/v2\/users\/1"}],"replies":[{"embeddable":true,"href":"https:\/\/bluereefcapital.com\/es\/wp-json\/wp\/v2\/comments?post=749"}],"version-history":[{"count":0,"href":"https:\/\/bluereefcapital.com\/es\/wp-json\/wp\/v2\/pages\/749\/revisions"}],"wp:attachment":[{"href":"https:\/\/bluereefcapital.com\/es\/wp-json\/wp\/v2\/media?parent=749"}],"curies":[{"name":"wp","href":"https:\/\/api.w.org\/{rel}","templated":true}]}}