{"id":722,"date":"2022-09-01T19:59:00","date_gmt":"2022-09-01T19:59:00","guid":{"rendered":"https:\/\/bluereefcapital.com\/retiro\/"},"modified":"2023-08-26T12:23:57","modified_gmt":"2023-08-26T12:23:57","slug":"retiro","status":"publish","type":"page","link":"https:\/\/bluereefcapital.com\/es\/retiro\/","title":{"rendered":"Retiro &#038; IRAS"},"content":{"rendered":"<div class=\"wpb-content-wrapper\"><p>[vc_section el_id=&#8221;retirement-hero&#8221;][vc_row][vc_column width=&#8221;5\/6&#8243; el_class=&#8221;retirement-hero-caption&#8221; offset=&#8221;vc_col-md-9&#8243;][vc_custom_heading text=&#8221;Empieza a invertir en tu retiro,&#8221; font_container=&#8221;tag:h1|text_align:left&#8221; use_theme_fonts=&#8221;yes&#8221;][vc_custom_heading text=&#8221;por un futuro m\u00e1s confortable&#8221; use_theme_fonts=&#8221;yes&#8221; el_class=&#8221;h3&#8243;][vc_column_text el_class=&#8221;retirement-hero-text&#8221;]Sabemos que has recorrido un largo camino y que a\u00fan queda mucho por hacer. Por eso te ayudamos a invertir para una jubilaci\u00f3n exitosa[\/vc_column_text][\/vc_column][vc_column][vc_single_image image=&#8221;613&#8243; img_size=&#8221;full&#8221;][\/vc_column][\/vc_row][\/vc_section][vc_section el_id=&#8221;retirement-steps&#8221;][vc_row][vc_column width=&#8221;1\/6&#8243;][\/vc_column][vc_column width=&#8221;2\/3&#8243; el_class=&#8221;retirement-steps-caption&#8221;][vc_custom_heading text=&#8221;Solo el 31% de los latinos reportan tener una cuenta de retiro IRA o alg\u00fan plan similar de inversi\u00f3n en los mercados burs\u00e1tiles*&#8221; use_theme_fonts=&#8221;yes&#8221;][vc_column_text]No es necesario seguir invirtiendo en activos de bajo rendimiento o ahorrando el dinero en cash. La mejor manera de tener un futuro pr\u00f3spero es invertir en activos de mayor crecimiento, como lo puede ser un portafolio de ETFs compuesto de acciones y bonos.<\/p>\n<p><strong>Con BlueReef, accede a un plan de jubilaci\u00f3n real<\/strong>[\/vc_column_text][vc_column_text]<\/p>\n<h3>Te guiaremos a trav\u00e9s de un plan paso a paso<\/h3>\n<p><strong>&#8211; especialmente pensado para t\u00ed &#8211;<\/strong>[\/vc_column_text][\/vc_column][vc_column width=&#8221;1\/6&#8243;][\/vc_column][\/vc_row][vc_row el_class=&#8221;retirement-steps-row&#8221;][vc_column offset=&#8221;vc_col-md-3&#8243;]<div class=\"icon-item retirement-item\" id=\"\">\r\n                      <div class=\"icon-item-image\"><img decoding=\"async\" src=\"https:\/\/bluereefcapital.com\/wp-content\/uploads\/2022\/09\/Identify.svg\" alt=\"\" \/><\/div>\r\n                      <div class=\"icon-item-text\"><p><strong>Identifica cu\u00e1nto dinero necesitar\u00e1s ahorrar mensualmente<\/strong> e invierte regularmente<\/p>\n<\/div>\r\n                  <\/div>[\/vc_column][vc_column offset=&#8221;vc_col-md-3&#8243;]<div class=\"icon-item retirement-item\" id=\"\">\r\n                      <div class=\"icon-item-image\"><img decoding=\"async\" src=\"https:\/\/bluereefcapital.com\/wp-content\/uploads\/2022\/09\/Select.svg\" alt=\"\" \/><\/div>\r\n                      <div class=\"icon-item-text\"><p><strong>Selecciona la cuenta de inversi\u00f3n adecuada.<\/strong> Te ayudaremos a elegir entre las opciones<\/p>\n<\/div>\r\n                  <\/div>[\/vc_column][vc_column offset=&#8221;vc_col-md-3&#8243;]<div class=\"icon-item retirement-item\" id=\"\">\r\n                      <div class=\"icon-item-image\"><img decoding=\"async\" src=\"https:\/\/bluereefcapital.com\/wp-content\/uploads\/2022\/09\/Recover.svg\" alt=\"\" \/><\/div>\r\n                      <div class=\"icon-item-text\"><div class=\"col-sm-12 col-md-3\">\n<div class=\"vc_column-inner\">\n<div class=\"wpb_wrapper\">\n<div id=\"\" class=\"icon-item retirement-item\">\n<div class=\"icon-item-text\">\n<p><strong>\u00bfNecesitas un 401(k) rollover?<\/strong><br \/>\n<span style=\"text-decoration: underline;\">Te acompa\u00f1aremos en el proceso<\/span><\/p>\n<\/div>\n<\/div>\n<\/div>\n<\/div>\n<\/div>\n<div class=\"col-sm-12 col-md-3\">\n<div class=\"vc_column-inner\">\n<div class=\"wpb_wrapper\">\n<div id=\"\" class=\"icon-item retirement-item\"><\/div>\n<\/div>\n<\/div>\n<\/div>\n<\/div>\r\n                  <\/div>[\/vc_column][vc_column offset=&#8221;vc_col-md-3&#8243;]<div class=\"icon-item retirement-item\" id=\"\">\r\n                      <div class=\"icon-item-image\"><img decoding=\"async\" src=\"https:\/\/bluereefcapital.com\/wp-content\/uploads\/2022\/09\/Conviction.svg\" alt=\"\" \/><\/div>\r\n                      <div class=\"icon-item-text\"><p><strong>Invierte con convicci\u00f3n,<\/strong> sin perder visibilidad de tu objetivo<\/p>\n<\/div>\r\n                  <\/div>[\/vc_column][\/vc_row][\/vc_section][vc_section el_class=&#8221;section-dark&#8221; el_id=&#8221;retirement-contact&#8221;][vc_row el_class=&#8221;retirement-contact-row&#8221;][vc_column width=&#8221;7\/12&#8243; el_class=&#8221;retirement-contact-caption&#8221;][vc_custom_heading text=&#8221;Tendr\u00e1s muchas opciones de cuenta para considerar&#8221; use_theme_fonts=&#8221;yes&#8221;]<div class=\"icon-item retirement-contact-item\" id=\"\">\r\n                      <div class=\"icon-item-image\"><img decoding=\"async\" src=\"https:\/\/bluereefcapital.com\/wp-content\/uploads\/2022\/09\/Traditional.svg\" alt=\"\" \/><\/div>\r\n                      <div class=\"icon-item-text\"><h3>Cuentas IRA tradicionales y Roth<\/h3>\n<\/div>\r\n                  <\/div><div class=\"icon-item retirement-contact-item\" id=\"\">\r\n                      <div class=\"icon-item-image\"><img decoding=\"async\" src=\"https:\/\/bluereefcapital.com\/wp-content\/uploads\/2022\/09\/General.svg\" alt=\"\" \/><\/div>\r\n                      <div class=\"icon-item-text\"><h3>Inversiones generales y cuentas de ahorro<\/h3>\n<\/div>\r\n                  <\/div><div class=\"icon-item retirement-contact-item\" id=\"\">\r\n                      <div class=\"icon-item-image\"><img decoding=\"async\" src=\"https:\/\/bluereefcapital.com\/wp-content\/uploads\/2022\/09\/401k.svg\" alt=\"\" \/><\/div>\r\n                      <div class=\"icon-item-text\"><h3>401(k) para tu negocio y empleados<\/h3>\n<\/div>\r\n                  <\/div>[vc_btn title=&#8221;Contacta a nuestros expertos&#8221; el_class=&#8221;btn btn-light&#8221; link=&#8221;url:https%3A%2F%2Fbluereefcapital.com%2Fes%2Fcontacto%2F|title:Contacto|&#8221;][vc_empty_space][vc_column_text]*De acuerdo con el reporte de <a href=\"https:\/\/www.latimes.com\/espanol\/california\/articulo\/2021-10-27\/mas-de-dos-tercios-de-los-latinos-no-ahorran-para-la-jubilacion\" target=\"_blank\" rel=\"noopener\">Los Angeles Times<\/a> solo un 31% de los latinos aportan actualmente a un plan de retiro en su lugar de empleo, en comparaci\u00f3n con el 51% de los blancos y un 33% de los afroamericanos.[\/vc_column_text][\/vc_column][vc_column width=&#8221;5\/12&#8243; el_class=&#8221;retirement-contact-image&#8221;]<div class=\"lottieplayer-container\" id=\"\">\r\n                    <lottie-player \r\n                      src=\"https:\/\/assets2.lottiefiles.com\/packages\/lf20_zGTE21oD3g.json\"  \r\n                      background=\"transparent\"  \r\n                      speed=\"1\"  loop  autoplay>\r\n                    <\/lottie-player>\r\n                  <\/div>[\/vc_column][\/vc_row][\/vc_section]<\/p>\n<\/div>","protected":false},"excerpt":{"rendered":"<p>[vc_section el_id=&#8221;retirement-hero&#8221;][vc_row][vc_column width=&#8221;5\/6&#8243; el_class=&#8221;retirement-hero-caption&#8221; offset=&#8221;vc_col-md-9&#8243;][vc_custom_heading text=&#8221;Empieza a invertir en tu retiro,&#8221; font_container=&#8221;tag:h1|text_align:left&#8221; use_theme_fonts=&#8221;yes&#8221;][vc_custom_heading text=&#8221;por un futuro m\u00e1s confortable&#8221; use_theme_fonts=&#8221;yes&#8221; el_class=&#8221;h3&#8243;][vc_column_text el_class=&#8221;retirement-hero-text&#8221;]Sabemos que has recorrido un largo camino y que a\u00fan queda mucho por hacer. Por eso te ayudamos a invertir para una jubilaci\u00f3n exitosa[\/vc_column_text][\/vc_column][vc_column][vc_single_image image=&#8221;613&#8243; img_size=&#8221;full&#8221;][\/vc_column][\/vc_row][\/vc_section][vc_section el_id=&#8221;retirement-steps&#8221;][vc_row][vc_column width=&#8221;1\/6&#8243;][\/vc_column][vc_column width=&#8221;2\/3&#8243; el_class=&#8221;retirement-steps-caption&#8221;][vc_custom_heading text=&#8221;Solo el 31% de los [&hellip;]<\/p>\n","protected":false},"author":1,"featured_media":0,"parent":0,"menu_order":0,"comment_status":"closed","ping_status":"closed","template":"page-vc.php","meta":{"_acf_changed":false,"inline_featured_image":false,"footnotes":""},"class_list":["post-722","page","type-page","status-publish","hentry"],"acf":[],"yoast_head":"<!-- This site is optimized with the Yoast SEO plugin v27.4 - https:\/\/yoast.com\/product\/yoast-seo-wordpress\/ -->\n<title>Retiro &amp; IRAS - Bluereef Capital<\/title>\n<meta name=\"robots\" content=\"index, follow, max-snippet:-1, max-image-preview:large, max-video-preview:-1\" \/>\n<link rel=\"canonical\" href=\"https:\/\/bluereefcapital.com\/es\/retiro\/\" \/>\n<meta property=\"og:locale\" content=\"es_ES\" \/>\n<meta property=\"og:type\" content=\"article\" \/>\n<meta property=\"og:title\" content=\"Retiro &amp; IRAS - Bluereef Capital\" \/>\n<meta property=\"og:description\" content=\"[vc_section el_id=&#8221;retirement-hero&#8221;][vc_row][vc_column width=&#8221;5\/6&#8243; el_class=&#8221;retirement-hero-caption&#8221; offset=&#8221;vc_col-md-9&#8243;][vc_custom_heading text=&#8221;Empieza a invertir en tu retiro,&#8221; font_container=&#8221;tag:h1|text_align:left&#8221; use_theme_fonts=&#8221;yes&#8221;][vc_custom_heading text=&#8221;por un futuro m\u00e1s confortable&#8221; use_theme_fonts=&#8221;yes&#8221; el_class=&#8221;h3&#8243;][vc_column_text el_class=&#8221;retirement-hero-text&#8221;]Sabemos que has recorrido un largo camino y que a\u00fan queda mucho por hacer. Por eso te ayudamos a invertir para una jubilaci\u00f3n exitosa[\/vc_column_text][\/vc_column][vc_column][vc_single_image image=&#8221;613&#8243; img_size=&#8221;full&#8221;][\/vc_column][\/vc_row][\/vc_section][vc_section el_id=&#8221;retirement-steps&#8221;][vc_row][vc_column width=&#8221;1\/6&#8243;][\/vc_column][vc_column width=&#8221;2\/3&#8243; el_class=&#8221;retirement-steps-caption&#8221;][vc_custom_heading text=&#8221;Solo el 31% de los [&hellip;]\" \/>\n<meta property=\"og:url\" content=\"https:\/\/bluereefcapital.com\/es\/retiro\/\" \/>\n<meta property=\"og:site_name\" content=\"Bluereef Capital\" \/>\n<meta property=\"article:modified_time\" content=\"2023-08-26T12:23:57+00:00\" \/>\n<meta name=\"twitter:card\" content=\"summary_large_image\" \/>\n<meta name=\"twitter:label1\" content=\"Tiempo de lectura\" \/>\n\t<meta name=\"twitter:data1\" content=\"3 minutos\" \/>\n<script type=\"application\/ld+json\" class=\"yoast-schema-graph\">{\"@context\":\"https:\\\/\\\/schema.org\",\"@graph\":[{\"@type\":\"WebPage\",\"@id\":\"https:\\\/\\\/bluereefcapital.com\\\/es\\\/retiro\\\/\",\"url\":\"https:\\\/\\\/bluereefcapital.com\\\/es\\\/retiro\\\/\",\"name\":\"Retiro & IRAS - Bluereef Capital\",\"isPartOf\":{\"@id\":\"https:\\\/\\\/bluereefcapital.com\\\/es\\\/#website\"},\"datePublished\":\"2022-09-01T19:59:00+00:00\",\"dateModified\":\"2023-08-26T12:23:57+00:00\",\"breadcrumb\":{\"@id\":\"https:\\\/\\\/bluereefcapital.com\\\/es\\\/retiro\\\/#breadcrumb\"},\"inLanguage\":\"es\",\"potentialAction\":[{\"@type\":\"ReadAction\",\"target\":[\"https:\\\/\\\/bluereefcapital.com\\\/es\\\/retiro\\\/\"]}]},{\"@type\":\"BreadcrumbList\",\"@id\":\"https:\\\/\\\/bluereefcapital.com\\\/es\\\/retiro\\\/#breadcrumb\",\"itemListElement\":[{\"@type\":\"ListItem\",\"position\":1,\"name\":\"Home\",\"item\":\"https:\\\/\\\/bluereefcapital.com\\\/es\\\/\"},{\"@type\":\"ListItem\",\"position\":2,\"name\":\"Retiro &#038; IRAS\"}]},{\"@type\":\"WebSite\",\"@id\":\"https:\\\/\\\/bluereefcapital.com\\\/es\\\/#website\",\"url\":\"https:\\\/\\\/bluereefcapital.com\\\/es\\\/\",\"name\":\"Bluereef Capital\",\"description\":\"\",\"publisher\":{\"@id\":\"https:\\\/\\\/bluereefcapital.com\\\/es\\\/#organization\"},\"potentialAction\":[{\"@type\":\"SearchAction\",\"target\":{\"@type\":\"EntryPoint\",\"urlTemplate\":\"https:\\\/\\\/bluereefcapital.com\\\/es\\\/?s={search_term_string}\"},\"query-input\":{\"@type\":\"PropertyValueSpecification\",\"valueRequired\":true,\"valueName\":\"search_term_string\"}}],\"inLanguage\":\"es\"},{\"@type\":\"Organization\",\"@id\":\"https:\\\/\\\/bluereefcapital.com\\\/es\\\/#organization\",\"name\":\"Bluereef Capital\",\"url\":\"https:\\\/\\\/bluereefcapital.com\\\/es\\\/\",\"logo\":{\"@type\":\"ImageObject\",\"inLanguage\":\"es\",\"@id\":\"https:\\\/\\\/bluereefcapital.com\\\/es\\\/#\\\/schema\\\/logo\\\/image\\\/\",\"url\":\"https:\\\/\\\/bluereefcapital.com\\\/wp-content\\\/uploads\\\/2022\\\/10\\\/Bluereef_Logo_1.jpg\",\"contentUrl\":\"https:\\\/\\\/bluereefcapital.com\\\/wp-content\\\/uploads\\\/2022\\\/10\\\/Bluereef_Logo_1.jpg\",\"width\":2359,\"height\":521,\"caption\":\"Bluereef Capital\"},\"image\":{\"@id\":\"https:\\\/\\\/bluereefcapital.com\\\/es\\\/#\\\/schema\\\/logo\\\/image\\\/\"},\"sameAs\":[\"https:\\\/\\\/www.instagram.com\\\/bluereef.capital\\\/\",\"https:\\\/\\\/www.linkedin.com\\\/company\\\/bluereef-capital\\\/\"]}]}<\/script>\n<!-- \/ Yoast SEO plugin. -->","yoast_head_json":{"title":"Retiro & IRAS - Bluereef Capital","robots":{"index":"index","follow":"follow","max-snippet":"max-snippet:-1","max-image-preview":"max-image-preview:large","max-video-preview":"max-video-preview:-1"},"canonical":"https:\/\/bluereefcapital.com\/es\/retiro\/","og_locale":"es_ES","og_type":"article","og_title":"Retiro & IRAS - Bluereef Capital","og_description":"[vc_section el_id=&#8221;retirement-hero&#8221;][vc_row][vc_column width=&#8221;5\/6&#8243; el_class=&#8221;retirement-hero-caption&#8221; offset=&#8221;vc_col-md-9&#8243;][vc_custom_heading text=&#8221;Empieza a invertir en tu retiro,&#8221; font_container=&#8221;tag:h1|text_align:left&#8221; use_theme_fonts=&#8221;yes&#8221;][vc_custom_heading text=&#8221;por un futuro m\u00e1s confortable&#8221; use_theme_fonts=&#8221;yes&#8221; el_class=&#8221;h3&#8243;][vc_column_text el_class=&#8221;retirement-hero-text&#8221;]Sabemos que has recorrido un largo camino y que a\u00fan queda mucho por hacer. Por eso te ayudamos a invertir para una jubilaci\u00f3n exitosa[\/vc_column_text][\/vc_column][vc_column][vc_single_image image=&#8221;613&#8243; img_size=&#8221;full&#8221;][\/vc_column][\/vc_row][\/vc_section][vc_section el_id=&#8221;retirement-steps&#8221;][vc_row][vc_column width=&#8221;1\/6&#8243;][\/vc_column][vc_column width=&#8221;2\/3&#8243; el_class=&#8221;retirement-steps-caption&#8221;][vc_custom_heading text=&#8221;Solo el 31% de los [&hellip;]","og_url":"https:\/\/bluereefcapital.com\/es\/retiro\/","og_site_name":"Bluereef Capital","article_modified_time":"2023-08-26T12:23:57+00:00","twitter_card":"summary_large_image","twitter_misc":{"Tiempo de lectura":"3 minutos"},"schema":{"@context":"https:\/\/schema.org","@graph":[{"@type":"WebPage","@id":"https:\/\/bluereefcapital.com\/es\/retiro\/","url":"https:\/\/bluereefcapital.com\/es\/retiro\/","name":"Retiro & IRAS - Bluereef Capital","isPartOf":{"@id":"https:\/\/bluereefcapital.com\/es\/#website"},"datePublished":"2022-09-01T19:59:00+00:00","dateModified":"2023-08-26T12:23:57+00:00","breadcrumb":{"@id":"https:\/\/bluereefcapital.com\/es\/retiro\/#breadcrumb"},"inLanguage":"es","potentialAction":[{"@type":"ReadAction","target":["https:\/\/bluereefcapital.com\/es\/retiro\/"]}]},{"@type":"BreadcrumbList","@id":"https:\/\/bluereefcapital.com\/es\/retiro\/#breadcrumb","itemListElement":[{"@type":"ListItem","position":1,"name":"Home","item":"https:\/\/bluereefcapital.com\/es\/"},{"@type":"ListItem","position":2,"name":"Retiro &#038; IRAS"}]},{"@type":"WebSite","@id":"https:\/\/bluereefcapital.com\/es\/#website","url":"https:\/\/bluereefcapital.com\/es\/","name":"Bluereef Capital","description":"","publisher":{"@id":"https:\/\/bluereefcapital.com\/es\/#organization"},"potentialAction":[{"@type":"SearchAction","target":{"@type":"EntryPoint","urlTemplate":"https:\/\/bluereefcapital.com\/es\/?s={search_term_string}"},"query-input":{"@type":"PropertyValueSpecification","valueRequired":true,"valueName":"search_term_string"}}],"inLanguage":"es"},{"@type":"Organization","@id":"https:\/\/bluereefcapital.com\/es\/#organization","name":"Bluereef Capital","url":"https:\/\/bluereefcapital.com\/es\/","logo":{"@type":"ImageObject","inLanguage":"es","@id":"https:\/\/bluereefcapital.com\/es\/#\/schema\/logo\/image\/","url":"https:\/\/bluereefcapital.com\/wp-content\/uploads\/2022\/10\/Bluereef_Logo_1.jpg","contentUrl":"https:\/\/bluereefcapital.com\/wp-content\/uploads\/2022\/10\/Bluereef_Logo_1.jpg","width":2359,"height":521,"caption":"Bluereef Capital"},"image":{"@id":"https:\/\/bluereefcapital.com\/es\/#\/schema\/logo\/image\/"},"sameAs":["https:\/\/www.instagram.com\/bluereef.capital\/","https:\/\/www.linkedin.com\/company\/bluereef-capital\/"]}]}},"_links":{"self":[{"href":"https:\/\/bluereefcapital.com\/es\/wp-json\/wp\/v2\/pages\/722","targetHints":{"allow":["GET"]}}],"collection":[{"href":"https:\/\/bluereefcapital.com\/es\/wp-json\/wp\/v2\/pages"}],"about":[{"href":"https:\/\/bluereefcapital.com\/es\/wp-json\/wp\/v2\/types\/page"}],"author":[{"embeddable":true,"href":"https:\/\/bluereefcapital.com\/es\/wp-json\/wp\/v2\/users\/1"}],"replies":[{"embeddable":true,"href":"https:\/\/bluereefcapital.com\/es\/wp-json\/wp\/v2\/comments?post=722"}],"version-history":[{"count":0,"href":"https:\/\/bluereefcapital.com\/es\/wp-json\/wp\/v2\/pages\/722\/revisions"}],"wp:attachment":[{"href":"https:\/\/bluereefcapital.com\/es\/wp-json\/wp\/v2\/media?parent=722"}],"curies":[{"name":"wp","href":"https:\/\/api.w.org\/{rel}","templated":true}]}}