{"id":668,"date":"2022-09-01T19:58:25","date_gmt":"2022-09-01T19:58:25","guid":{"rendered":"https:\/\/bluereefcapital.com\/401k-rollover\/"},"modified":"2024-01-03T18:45:02","modified_gmt":"2024-01-03T18:45:02","slug":"401k-rollover","status":"publish","type":"page","link":"https:\/\/bluereefcapital.com\/es\/401k-rollover\/","title":{"rendered":"401k Rollover"},"content":{"rendered":"<div class=\"wpb-content-wrapper\"><p>[vc_section el_id=&#8221;hero-401k&#8221;][vc_row][vc_column el_class=&#8221;hero-401k-caption&#8221;][vc_column_text el_class=&#8221;h3&#8243;]<\/p>\n<h1>Haz un rollover de tu antiguo 401(K)<\/h1>\n<p>Rollovers y Retirement Account Services[\/vc_column_text][vc_btn title=&#8221;\u00a1Comienza ahora!&#8221; el_class=&#8221;btn btn-dark&#8221; link=&#8221;url:https%3A%2F%2Fbluereefcapital.com%2Fes%2Fcontacto%2F|title:Contacto|&#8221;][vc_empty_space height=&#8221;0px&#8221;][vc_btn title=&#8221;\u00bfC\u00f3mo comenzar un 401(K) rollover?&#8221; el_class=&#8221;btn btn-dark&#8221; link=&#8221;url:https%3A%2F%2Fbluereefcapital.com%2Fes%2Fque-es-un-401k-rollover-y-como-realizarlo%2F|title:Comenzar%20un%20401%28K%29%20Rollover|&#8221;][\/vc_column][\/vc_row][\/vc_section][vc_section el_id=&#8221;services-401k&#8221;][vc_row][vc_column el_class=&#8221;services-401k-caption&#8221;][vc_custom_heading text=&#8221;Puedes transferir tu antiguo 401(k) de un antiguo empleador&#8221; use_theme_fonts=&#8221;yes&#8221;][vc_column_text]<strong>\u00bfTu plan de jubilaci\u00f3n permanece con tu antiguo empleador despu\u00e9s de que cambiaras de trabajo?<\/strong><\/p>\n<p>Un 401(k) rollover mueve tu dinero a una nueva cuenta bajo tu control para que puedas realizar un seguimiento de manera m\u00e1s eficiente.<\/p>\n<p>Puedes controlar los activos de tu jubilaci\u00f3n en un solo lugar asegur\u00e1ndote de que est\u00e9n invertidos de manera eficiente.<\/p>\n<p>Te ayudaremos a determinar si hacer una transferencia de tu 401(k) es lo mejor para ti.[\/vc_column_text][\/vc_column][\/vc_row][vc_row el_class=&#8221;services-401k-row animate-visible&#8221;][vc_column width=&#8221;1\/2&#8243; offset=&#8221;vc_col-md-3 vc_col-xs-6&#8243; el_class=&#8221;service-401k-1&#8243;]<div class=\"icon-item service-item service-item-1\" id=\"\">\r\n                      <div class=\"icon-item-image\"><img decoding=\"async\" src=\"https:\/\/bluereefcapital.com\/wp-content\/uploads\/2022\/09\/Simplified.svg\" alt=\"\" \/><\/div>\r\n                      <div class=\"icon-item-text\"><h3>Apertura y administraci\u00f3n simplificadas<\/h3>\n<\/div>\r\n                  <\/div>[\/vc_column][vc_column width=&#8221;1\/2&#8243; offset=&#8221;vc_col-md-3 vc_col-xs-6&#8243; el_class=&#8221;service-401k-2&#8243;]<div class=\"icon-item service-item service-item-2\" id=\"\">\r\n                      <div class=\"icon-item-image\"><img decoding=\"async\" src=\"https:\/\/bluereefcapital.com\/wp-content\/uploads\/2022\/09\/Higher.svg\" alt=\"\" \/><\/div>\r\n                      <div class=\"icon-item-text\"><h3>Mayores rendimientos<\/h3>\n<\/div>\r\n                  <\/div>[\/vc_column][vc_column width=&#8221;1\/2&#8243; offset=&#8221;vc_col-md-3 vc_col-xs-6&#8243; el_class=&#8221;service-401k-3&#8243;]<div class=\"icon-item service-item service-item-3\" id=\"\">\r\n                      <div class=\"icon-item-image\"><img decoding=\"async\" src=\"https:\/\/bluereefcapital.com\/wp-content\/uploads\/2022\/09\/Face.svg\" alt=\"\" \/><\/div>\r\n                      <div class=\"icon-item-text\"><h3>Enfrenta el futuro con confianza<\/h3>\n<\/div>\r\n                  <\/div>[\/vc_column][vc_column width=&#8221;1\/2&#8243; offset=&#8221;vc_col-md-3 vc_col-xs-6&#8243; el_class=&#8221;service-401k-4&#8243;]<div class=\"icon-item service-item service-item-4\" id=\"\">\r\n                      <div class=\"icon-item-image\"><img decoding=\"async\" src=\"https:\/\/bluereefcapital.com\/wp-content\/uploads\/2022\/09\/Regain.svg\" alt=\"\" \/><\/div>\r\n                      <div class=\"icon-item-text\"><h3>Recupera el control de tu cuenta<\/h3>\n<\/div>\r\n                  <\/div>[\/vc_column][\/vc_row][\/vc_section][vc_section el_id=&#8221;steps-401k&#8221; el_class=&#8221;animate-visible-top animate-visible-bottom&#8221;][vc_row el_class=&#8221;steps-401k-row&#8221;][vc_column]<div class=\"icon-item step-item\" id=\"\">\r\n                      <div class=\"icon-item-image\"><img decoding=\"async\" src=\"https:\/\/bluereefcapital.com\/wp-content\/uploads\/2022\/09\/number-1.svg\" alt=\"\" \/><\/div>\r\n                      <div class=\"icon-item-text\"><h3>Ubica tu antiguo 401(k)<\/h3>\n<p>Una vez que determine que el rollover se alinea con sus objetivos y es lo mejor para usted, proceda a ubicar su antiguo 401(k) a trav\u00e9s de su empleador o administrador anterior. Luego, comun\u00edcate con ellos con la informaci\u00f3n de la nueva cuenta de BlueReef para comenzar la transferencia del fondo mediante cheque o transferencia bancaria<\/p>\n<\/div>\r\n                  <\/div><div class=\"icon-item step-item\" id=\"\">\r\n                      <div class=\"icon-item-image\"><img decoding=\"async\" src=\"https:\/\/bluereefcapital.com\/wp-content\/uploads\/2022\/09\/number-2.svg\" alt=\"\" \/><\/div>\r\n                      <div class=\"icon-item-text\"><h3>Te ayudamos a elegir una nueva cuenta<\/h3>\n<p>Es hora de elegir la opci\u00f3n de cuenta IRA correcta para realizar la transferencia. Trabajaremos de cerca contigo para seleccionar la cuenta que mejor se adapte a tus necesidades y coincida con tu 401(k) anterior. Una vez que selecciones tu cuenta, los fondos se pueden depositar en la cuenta IRA reci\u00e9n abierta<\/p>\n<\/div>\r\n                  <\/div><div class=\"icon-item step-item\" id=\"\">\r\n                      <div class=\"icon-item-image\"><img decoding=\"async\" src=\"https:\/\/bluereefcapital.com\/wp-content\/uploads\/2022\/09\/number-3.svg\" alt=\"\" \/><\/div>\r\n                      <div class=\"icon-item-text\"><h3>\u00bfNuevo dep\u00f3sito confirmado? \u00a1Todo listo!<\/h3>\n<p>Te ayudaremos a confirmar que los fondos se hayan transferido correctamente para asegurarnos de que est\u00e9s aprovechando al m\u00e1ximo tu plan de jubilaci\u00f3n<\/p>\n<p><a class=\"btn btn-dark\" href=\"https:\/\/bluereefcapital.com\/es\/contacto\/\">EMPIEZA A PLANIFICAR TU JUBILACI\u00d3N HOY<\/a><\/p>\n<p><a class=\"btn btn-dark\" href=\"https:\/\/bluereefcapital.com\/es\/que-es-un-401k-rollover-y-como-realizarlo\/\">\u00bfC\u00d3MO COMIENZO UN 401(k) ROLLOVER?<\/a><\/p>\n<\/div>\r\n                  <\/div>[\/vc_column][\/vc_row][\/vc_section]<\/p>\n<\/div>","protected":false},"excerpt":{"rendered":"<p>[vc_section el_id=&#8221;hero-401k&#8221;][vc_row][vc_column el_class=&#8221;hero-401k-caption&#8221;][vc_column_text el_class=&#8221;h3&#8243;] Haz un rollover de tu antiguo 401(K) Rollovers y Retirement Account Services[\/vc_column_text][vc_btn title=&#8221;\u00a1Comienza ahora!&#8221; el_class=&#8221;btn btn-dark&#8221; link=&#8221;url:https%3A%2F%2Fbluereefcapital.com%2Fes%2Fcontacto%2F|title:Contacto|&#8221;][vc_empty_space height=&#8221;0px&#8221;][vc_btn title=&#8221;\u00bfC\u00f3mo comenzar un 401(K) rollover?&#8221; el_class=&#8221;btn btn-dark&#8221; link=&#8221;url:https%3A%2F%2Fbluereefcapital.com%2Fes%2Fque-es-un-401k-rollover-y-como-realizarlo%2F|title:Comenzar%20un%20401%28K%29%20Rollover|&#8221;][\/vc_column][\/vc_row][\/vc_section][vc_section el_id=&#8221;services-401k&#8221;][vc_row][vc_column el_class=&#8221;services-401k-caption&#8221;][vc_custom_heading text=&#8221;Puedes transferir tu antiguo 401(k) de un antiguo empleador&#8221; use_theme_fonts=&#8221;yes&#8221;][vc_column_text]\u00bfTu plan de jubilaci\u00f3n permanece con tu antiguo empleador despu\u00e9s de que cambiaras de [&hellip;]<\/p>\n","protected":false},"author":1,"featured_media":0,"parent":0,"menu_order":0,"comment_status":"closed","ping_status":"closed","template":"page-vc.php","meta":{"_acf_changed":false,"inline_featured_image":false,"footnotes":""},"class_list":["post-668","page","type-page","status-publish","hentry"],"acf":[],"yoast_head":"<!-- This site is optimized with the Yoast SEO plugin v27.4 - https:\/\/yoast.com\/product\/yoast-seo-wordpress\/ -->\n<title>401k Rollover - Bluereef Capital<\/title>\n<meta name=\"description\" content=\"Recupera tu antiguo 401(k) de principio a fin, asesorado por nuestros expertos. Recupera tu anterior 401(k) gratis\" \/>\n<meta name=\"robots\" content=\"index, follow, max-snippet:-1, max-image-preview:large, max-video-preview:-1\" \/>\n<link rel=\"canonical\" href=\"https:\/\/bluereefcapital.com\/es\/401k-rollover\/\" \/>\n<meta property=\"og:locale\" content=\"es_ES\" \/>\n<meta property=\"og:type\" content=\"article\" \/>\n<meta property=\"og:title\" content=\"401k Rollover - Bluereef Capital\" \/>\n<meta property=\"og:description\" content=\"Recupera tu antiguo 401(k) de principio a fin, asesorado por nuestros expertos. Recupera tu anterior 401(k) gratis\" \/>\n<meta property=\"og:url\" content=\"https:\/\/bluereefcapital.com\/es\/401k-rollover\/\" \/>\n<meta property=\"og:site_name\" content=\"Bluereef Capital\" \/>\n<meta property=\"article:modified_time\" content=\"2024-01-03T18:45:02+00:00\" \/>\n<meta name=\"twitter:card\" content=\"summary_large_image\" \/>\n<meta name=\"twitter:label1\" content=\"Tiempo de lectura\" \/>\n\t<meta name=\"twitter:data1\" content=\"3 minutos\" \/>\n<script type=\"application\/ld+json\" class=\"yoast-schema-graph\">{\"@context\":\"https:\\\/\\\/schema.org\",\"@graph\":[{\"@type\":\"WebPage\",\"@id\":\"https:\\\/\\\/bluereefcapital.com\\\/es\\\/401k-rollover\\\/\",\"url\":\"https:\\\/\\\/bluereefcapital.com\\\/es\\\/401k-rollover\\\/\",\"name\":\"401k Rollover - Bluereef Capital\",\"isPartOf\":{\"@id\":\"https:\\\/\\\/bluereefcapital.com\\\/es\\\/#website\"},\"datePublished\":\"2022-09-01T19:58:25+00:00\",\"dateModified\":\"2024-01-03T18:45:02+00:00\",\"description\":\"Recupera tu antiguo 401(k) de principio a fin, asesorado por nuestros expertos. Recupera tu anterior 401(k) gratis\",\"breadcrumb\":{\"@id\":\"https:\\\/\\\/bluereefcapital.com\\\/es\\\/401k-rollover\\\/#breadcrumb\"},\"inLanguage\":\"es\",\"potentialAction\":[{\"@type\":\"ReadAction\",\"target\":[\"https:\\\/\\\/bluereefcapital.com\\\/es\\\/401k-rollover\\\/\"]}]},{\"@type\":\"BreadcrumbList\",\"@id\":\"https:\\\/\\\/bluereefcapital.com\\\/es\\\/401k-rollover\\\/#breadcrumb\",\"itemListElement\":[{\"@type\":\"ListItem\",\"position\":1,\"name\":\"Home\",\"item\":\"https:\\\/\\\/bluereefcapital.com\\\/es\\\/\"},{\"@type\":\"ListItem\",\"position\":2,\"name\":\"401k Rollover\"}]},{\"@type\":\"WebSite\",\"@id\":\"https:\\\/\\\/bluereefcapital.com\\\/es\\\/#website\",\"url\":\"https:\\\/\\\/bluereefcapital.com\\\/es\\\/\",\"name\":\"Bluereef Capital\",\"description\":\"\",\"publisher\":{\"@id\":\"https:\\\/\\\/bluereefcapital.com\\\/es\\\/#organization\"},\"potentialAction\":[{\"@type\":\"SearchAction\",\"target\":{\"@type\":\"EntryPoint\",\"urlTemplate\":\"https:\\\/\\\/bluereefcapital.com\\\/es\\\/?s={search_term_string}\"},\"query-input\":{\"@type\":\"PropertyValueSpecification\",\"valueRequired\":true,\"valueName\":\"search_term_string\"}}],\"inLanguage\":\"es\"},{\"@type\":\"Organization\",\"@id\":\"https:\\\/\\\/bluereefcapital.com\\\/es\\\/#organization\",\"name\":\"Bluereef Capital\",\"url\":\"https:\\\/\\\/bluereefcapital.com\\\/es\\\/\",\"logo\":{\"@type\":\"ImageObject\",\"inLanguage\":\"es\",\"@id\":\"https:\\\/\\\/bluereefcapital.com\\\/es\\\/#\\\/schema\\\/logo\\\/image\\\/\",\"url\":\"https:\\\/\\\/bluereefcapital.com\\\/wp-content\\\/uploads\\\/2022\\\/10\\\/Bluereef_Logo_1.jpg\",\"contentUrl\":\"https:\\\/\\\/bluereefcapital.com\\\/wp-content\\\/uploads\\\/2022\\\/10\\\/Bluereef_Logo_1.jpg\",\"width\":2359,\"height\":521,\"caption\":\"Bluereef Capital\"},\"image\":{\"@id\":\"https:\\\/\\\/bluereefcapital.com\\\/es\\\/#\\\/schema\\\/logo\\\/image\\\/\"},\"sameAs\":[\"https:\\\/\\\/www.instagram.com\\\/bluereef.capital\\\/\",\"https:\\\/\\\/www.linkedin.com\\\/company\\\/bluereef-capital\\\/\"]}]}<\/script>\n<!-- \/ Yoast SEO plugin. -->","yoast_head_json":{"title":"401k Rollover - Bluereef Capital","description":"Recupera tu antiguo 401(k) de principio a fin, asesorado por nuestros expertos. Recupera tu anterior 401(k) gratis","robots":{"index":"index","follow":"follow","max-snippet":"max-snippet:-1","max-image-preview":"max-image-preview:large","max-video-preview":"max-video-preview:-1"},"canonical":"https:\/\/bluereefcapital.com\/es\/401k-rollover\/","og_locale":"es_ES","og_type":"article","og_title":"401k Rollover - Bluereef Capital","og_description":"Recupera tu antiguo 401(k) de principio a fin, asesorado por nuestros expertos. Recupera tu anterior 401(k) gratis","og_url":"https:\/\/bluereefcapital.com\/es\/401k-rollover\/","og_site_name":"Bluereef Capital","article_modified_time":"2024-01-03T18:45:02+00:00","twitter_card":"summary_large_image","twitter_misc":{"Tiempo de lectura":"3 minutos"},"schema":{"@context":"https:\/\/schema.org","@graph":[{"@type":"WebPage","@id":"https:\/\/bluereefcapital.com\/es\/401k-rollover\/","url":"https:\/\/bluereefcapital.com\/es\/401k-rollover\/","name":"401k Rollover - Bluereef Capital","isPartOf":{"@id":"https:\/\/bluereefcapital.com\/es\/#website"},"datePublished":"2022-09-01T19:58:25+00:00","dateModified":"2024-01-03T18:45:02+00:00","description":"Recupera tu antiguo 401(k) de principio a fin, asesorado por nuestros expertos. Recupera tu anterior 401(k) gratis","breadcrumb":{"@id":"https:\/\/bluereefcapital.com\/es\/401k-rollover\/#breadcrumb"},"inLanguage":"es","potentialAction":[{"@type":"ReadAction","target":["https:\/\/bluereefcapital.com\/es\/401k-rollover\/"]}]},{"@type":"BreadcrumbList","@id":"https:\/\/bluereefcapital.com\/es\/401k-rollover\/#breadcrumb","itemListElement":[{"@type":"ListItem","position":1,"name":"Home","item":"https:\/\/bluereefcapital.com\/es\/"},{"@type":"ListItem","position":2,"name":"401k Rollover"}]},{"@type":"WebSite","@id":"https:\/\/bluereefcapital.com\/es\/#website","url":"https:\/\/bluereefcapital.com\/es\/","name":"Bluereef Capital","description":"","publisher":{"@id":"https:\/\/bluereefcapital.com\/es\/#organization"},"potentialAction":[{"@type":"SearchAction","target":{"@type":"EntryPoint","urlTemplate":"https:\/\/bluereefcapital.com\/es\/?s={search_term_string}"},"query-input":{"@type":"PropertyValueSpecification","valueRequired":true,"valueName":"search_term_string"}}],"inLanguage":"es"},{"@type":"Organization","@id":"https:\/\/bluereefcapital.com\/es\/#organization","name":"Bluereef Capital","url":"https:\/\/bluereefcapital.com\/es\/","logo":{"@type":"ImageObject","inLanguage":"es","@id":"https:\/\/bluereefcapital.com\/es\/#\/schema\/logo\/image\/","url":"https:\/\/bluereefcapital.com\/wp-content\/uploads\/2022\/10\/Bluereef_Logo_1.jpg","contentUrl":"https:\/\/bluereefcapital.com\/wp-content\/uploads\/2022\/10\/Bluereef_Logo_1.jpg","width":2359,"height":521,"caption":"Bluereef Capital"},"image":{"@id":"https:\/\/bluereefcapital.com\/es\/#\/schema\/logo\/image\/"},"sameAs":["https:\/\/www.instagram.com\/bluereef.capital\/","https:\/\/www.linkedin.com\/company\/bluereef-capital\/"]}]}},"_links":{"self":[{"href":"https:\/\/bluereefcapital.com\/es\/wp-json\/wp\/v2\/pages\/668","targetHints":{"allow":["GET"]}}],"collection":[{"href":"https:\/\/bluereefcapital.com\/es\/wp-json\/wp\/v2\/pages"}],"about":[{"href":"https:\/\/bluereefcapital.com\/es\/wp-json\/wp\/v2\/types\/page"}],"author":[{"embeddable":true,"href":"https:\/\/bluereefcapital.com\/es\/wp-json\/wp\/v2\/users\/1"}],"replies":[{"embeddable":true,"href":"https:\/\/bluereefcapital.com\/es\/wp-json\/wp\/v2\/comments?post=668"}],"version-history":[{"count":0,"href":"https:\/\/bluereefcapital.com\/es\/wp-json\/wp\/v2\/pages\/668\/revisions"}],"wp:attachment":[{"href":"https:\/\/bluereefcapital.com\/es\/wp-json\/wp\/v2\/media?parent=668"}],"curies":[{"name":"wp","href":"https:\/\/api.w.org\/{rel}","templated":true}]}}