{"id":650,"date":"2022-09-01T20:01:13","date_gmt":"2022-09-01T20:01:13","guid":{"rendered":"https:\/\/bluereefcapital.com\/quienes-somos\/"},"modified":"2023-08-26T11:53:22","modified_gmt":"2023-08-26T11:53:22","slug":"equipo","status":"publish","type":"page","link":"https:\/\/bluereefcapital.com\/es\/equipo\/","title":{"rendered":"Equipo"},"content":{"rendered":"<div class=\"wpb-content-wrapper\"><p>[vc_section el_id=&#8221;about-hero&#8221;][vc_row][vc_column offset=&#8221;vc_col-lg-7 vc_col-md-6&#8243;][vc_single_image image=&#8221;624&#8243; img_size=&#8221;649&#215;763&#8243; css_animation=&#8221;none&#8221; el_class=&#8221;about-hero-image d-none&#8221;][vc_custom_heading text=&#8221;Brindar inclusi\u00f3n financiera,&#8221; font_container=&#8221;tag:h1|text_align:left&#8221; use_theme_fonts=&#8221;yes&#8221;][vc_custom_heading text=&#8221;esto es lo que nos mueve.&#8221; use_theme_fonts=&#8221;yes&#8221; el_class=&#8221;h3&#8243;][vc_column_text el_class=&#8221;about-hero-text-1&#8243;]<\/p>\n<h3>BlueReef es una firma de asesor\u00eda financiera dedicada a aquellos que no han tenido acceso a servicios financieros antes.<\/h3>\n<p>Buscamos ayudar a familias y due\u00f1os de negocios de todos los or\u00edgenes a alcanzar sus metas financieras. Ofrecemos asesoramiento y soluciones de calidad para ayudarte a lograr un futuro mejor. Utilizamos tecnolog\u00eda y herramientas de vanguardia para asistir a personas independientemente de sus ingresos.[\/vc_column_text][\/vc_column][vc_column offset=&#8221;vc_col-lg-10 vc_col-md-8&#8243;][vc_column_text el_class=&#8221;about-hero-text-2&#8243;]<\/p>\n<h3>Nos aliamos contigo para enriquecer tu patrimonio actual y futuro<\/h3>\n<p>Nos esforzamos por comprender el perfil financiero \u00fanico de cada individuo para garantizar que los objetivos financieros futuros se cumplan de manera efectiva y asequible. Esto se logra mediante la implementaci\u00f3n de soluciones de planificaci\u00f3n patrimonial coherentes con los objetivos financieros.<\/p>\n<section id=\"about-hero\" class=\"\">\n<div class=\"container-fluid\">\n<div class=\"row\">\n<div class=\"col-sm-12 col-lg-10 col-md-8\">\n<div class=\"vc_column-inner\">\n<div class=\"wpb_wrapper\">\n<div class=\"wpb_text_column wpb_content_element  about-hero-text-2\">\n<div class=\"wpb_wrapper\">\n<p>Ya sea que hayas trabajado antes con un asesor financiero o reci\u00e9n est\u00e9s comenzando, nos enfocamos en las personas que merecen algo mejor,\u00a0<strong>\u00a1Gente como t\u00fa!<\/strong><\/p>\n<\/div>\n<\/div>\n<\/div>\n<\/div>\n<\/div>\n<\/div>\n<\/div>\n<\/section>\n<p>[\/vc_column_text][\/vc_column][\/vc_row][\/vc_section][vc_section el_id=&#8221;about-contact&#8221;][vc_row][vc_column][vc_custom_heading text=&#8221;\u00bfQuieres conocernos?&#8221; use_theme_fonts=&#8221;yes&#8221;][vc_column_text el_class=&#8221;h3&#8243;]Solicita una llamada de nuestro equipo[\/vc_column_text]\n<div class=\"wpcf7 no-js\" id=\"wpcf7-f807-o1\" lang=\"es-ES\" dir=\"ltr\" data-wpcf7-id=\"807\">\n<div class=\"screen-reader-response\"><p role=\"status\" aria-live=\"polite\" aria-atomic=\"true\"><\/p> <ul><\/ul><\/div>\n<form action=\"\/es\/wp-json\/wp\/v2\/pages\/650#wpcf7-f807-o1\" method=\"post\" class=\"wpcf7-form init\" aria-label=\"Formulario de contacto\" novalidate=\"novalidate\" data-status=\"init\">\n<fieldset class=\"hidden-fields-container\"><input type=\"hidden\" name=\"_wpcf7\" value=\"807\" \/><input type=\"hidden\" name=\"_wpcf7_version\" value=\"6.1.5\" \/><input type=\"hidden\" name=\"_wpcf7_locale\" value=\"es_ES\" \/><input type=\"hidden\" name=\"_wpcf7_unit_tag\" value=\"wpcf7-f807-o1\" \/><input type=\"hidden\" name=\"_wpcf7_container_post\" value=\"0\" \/><input type=\"hidden\" name=\"_wpcf7_posted_data_hash\" value=\"\" \/><input type=\"hidden\" name=\"_wpcf7_recaptcha_response\" value=\"\" \/>\n<\/fieldset>\n<span id=\"wpcf7-69ea58017d33d-wrapper\" class=\"wpcf7-form-control-wrap honeypot-973-wrap\" style=\"display:none !important; visibility:hidden !important;\"><label for=\"wpcf7-69ea58017d33d-field\" class=\"hp-message\">Por favor, deja este campo vac\u00edo.<\/label><input id=\"wpcf7-69ea58017d33d-field\"  class=\"wpcf7-form-control wpcf7-text\" type=\"text\" name=\"honeypot-973\" value=\"\" size=\"40\" tabindex=\"-1\" autocomplete=\"new-password\" \/><\/span>\r\n\r\n<div class=\"row row-form\">\r\n  <div class=\"col-md-6\">\r\n    <div class=\"form-group\">\r\n      <label for=\"your-message\" class=\"form-label\">\u00bfC\u00f3mo podemos ayudarte?<\/label>\r\n      <span class=\"wpcf7-form-control-wrap\" data-name=\"your-message\"><textarea cols=\"40\" rows=\"14\" maxlength=\"2000\" class=\"wpcf7-form-control wpcf7-textarea form-control\" aria-invalid=\"false\" placeholder=\"Tu mensaje\" name=\"your-message\"><\/textarea><\/span>\r\n    <\/div>\r\n  <\/div>\r\n  <div class=\"col-md-6 d-flex flex-column justify-content-between\">\r\n    <div class=\"form-group\">\r\n      <label for=\"your-name\" class=\"form-label\">\u00bfCu\u00e1l es tu nombre?*<\/label>\r\n      <span class=\"wpcf7-form-control-wrap\" data-name=\"your-name\"><input size=\"40\" maxlength=\"400\" class=\"wpcf7-form-control wpcf7-text wpcf7-validates-as-required form-control\" id=\"your-name\" aria-required=\"true\" aria-invalid=\"false\" placeholder=\"Tu nombre\" value=\"\" type=\"text\" name=\"your-name\" \/><\/span>\r\n    <\/div>\r\n    <div>\r\n      <div class=\"form-group\">\r\n        <label for=\"your-email\" class=\"form-label\">Por favor br\u00edndanos tu direcci\u00f3n de correo electr\u00f3nico*<\/label>\r\n        <span class=\"wpcf7-form-control-wrap\" data-name=\"your-email\"><input size=\"40\" maxlength=\"400\" class=\"wpcf7-form-control wpcf7-email wpcf7-validates-as-required wpcf7-text wpcf7-validates-as-email form-control\" id=\"your-email\" aria-required=\"true\" aria-invalid=\"false\" placeholder=\"Tu correo electr\u00f3nico\" value=\"\" type=\"email\" name=\"your-email\" \/><\/span>\r\n      <\/div>\r\n      <div class=\"form-group\">\r\n        <span class=\"wpcf7-form-control-wrap\" data-name=\"your-privacy\"><span class=\"wpcf7-form-control wpcf7-acceptance\"><span class=\"wpcf7-list-item\"><label><input type=\"checkbox\" name=\"your-privacy\" value=\"1\" class=\"form-check-input\" aria-invalid=\"false\" \/><span class=\"wpcf7-list-item-label\">He le\u00eddo y aceptado los  <a href=\"https:\/\/bluereefcapital.com\/es\/terminos\">t\u00e9rminos y condiciones*<\/a><\/span><\/label><\/span><\/span><\/span>\r\n      <\/div>\r\n      <div class=\"form-group\">\r\n        <input class=\"wpcf7-form-control wpcf7-submit has-spinner btn btn-dark\" type=\"submit\" value=\"Enviar\" \/>\r\n      <\/div>\r\n    <\/div>\r\n  <\/div>\r\n<\/div><div class=\"wpcf7-response-output\" aria-hidden=\"true\"><\/div>\n<\/form>\n<\/div>\n[\/vc_column][\/vc_row][\/vc_section][vc_section el_id=&#8221;about-newsletter&#8221;][vc_row el_class=&#8221;home-newsletter-row&#8221;][vc_column offset=&#8221;vc_col-md-7&#8243;][vc_column_text el_class=&#8221;home-newsletter-caption&#8221;]<strong>SUSCR\u00cdBETE A<\/strong><\/p>\n<h3>Bluereef Newsletter<\/h3>\n<p><strong>Obt\u00e9n informaci\u00f3n sobre las noticias de la industria, <\/strong>mant\u00e9nte actualizado sobre esta industria cambiante y recibe consejos de nuestros expertos.[\/vc_column_text][\/vc_column][vc_column el_class=&#8221;home-newsletter-form&#8221; offset=&#8221;vc_col-md-5&#8243;]\n<div class=\"wpcf7 no-js\" id=\"wpcf7-f806-o2\" lang=\"es-ES\" dir=\"ltr\" data-wpcf7-id=\"806\">\n<div class=\"screen-reader-response\"><p role=\"status\" aria-live=\"polite\" aria-atomic=\"true\"><\/p> <ul><\/ul><\/div>\n<form action=\"\/es\/wp-json\/wp\/v2\/pages\/650#wpcf7-f806-o2\" method=\"post\" class=\"wpcf7-form init\" aria-label=\"Formulario de contacto\" novalidate=\"novalidate\" data-status=\"init\">\n<fieldset class=\"hidden-fields-container\"><input type=\"hidden\" name=\"_wpcf7\" value=\"806\" \/><input type=\"hidden\" name=\"_wpcf7_version\" value=\"6.1.5\" \/><input type=\"hidden\" name=\"_wpcf7_locale\" value=\"es_ES\" \/><input type=\"hidden\" name=\"_wpcf7_unit_tag\" value=\"wpcf7-f806-o2\" \/><input type=\"hidden\" name=\"_wpcf7_container_post\" value=\"0\" \/><input type=\"hidden\" name=\"_wpcf7_posted_data_hash\" value=\"\" \/><input type=\"hidden\" name=\"_wpcf7_recaptcha_response\" value=\"\" \/>\n<\/fieldset>\n<span id=\"wpcf7-69ea58017e203-wrapper\" class=\"wpcf7-form-control-wrap honeypot-956-wrap\" style=\"display:none !important; visibility:hidden !important;\"><label for=\"wpcf7-69ea58017e203-field\" class=\"hp-message\">Por favor, deja este campo vac\u00edo.<\/label><input id=\"wpcf7-69ea58017e203-field\"  class=\"wpcf7-form-control wpcf7-text\" type=\"text\" name=\"honeypot-956\" value=\"\" size=\"40\" tabindex=\"-1\" autocomplete=\"new-password\" \/><\/span>\r\n\r\n<div class=\"form-group mb-3\">\r\n  <label for=\"your-name\" class=\"form-label\">Nombre*<\/label>\r\n  <span class=\"wpcf7-form-control-wrap\" data-name=\"your-name\"><input size=\"40\" maxlength=\"400\" class=\"wpcf7-form-control wpcf7-text wpcf7-validates-as-required form-control\" aria-required=\"true\" aria-invalid=\"false\" placeholder=\"Tu nombre\" value=\"\" type=\"text\" name=\"your-name\" \/><\/span>\r\n<\/div>\r\n\r\n<div class=\"form-group mb-3\">\r\n  <label for=\"your-email\" class=\"form-label\">Email*<\/label>\r\n  <span class=\"wpcf7-form-control-wrap\" data-name=\"your-email\"><input size=\"40\" maxlength=\"400\" class=\"wpcf7-form-control wpcf7-email wpcf7-validates-as-required wpcf7-text wpcf7-validates-as-email form-control\" aria-required=\"true\" aria-invalid=\"false\" placeholder=\"Tu email\" value=\"\" type=\"email\" name=\"your-email\" \/><\/span>\r\n<\/div>\r\n\r\n<div class=\"mb-2\">\r\n  <span class=\"wpcf7-form-control-wrap\" data-name=\"your-privacy\"><span class=\"wpcf7-form-control wpcf7-acceptance\"><span class=\"wpcf7-list-item\"><label><input type=\"checkbox\" name=\"your-privacy\" value=\"1\" class=\"form-check-input\" aria-invalid=\"false\" \/><span class=\"wpcf7-list-item-label\">Acepto la pol\u00edtica de privacidad<\/span><\/label><\/span><\/span><\/span>\r\n<\/div>\r\n\r\n<div class=\"mb-4\">\r\n  <span class=\"wpcf7-form-control-wrap\" data-name=\"your-communication\"><span class=\"wpcf7-form-control wpcf7-acceptance\"><span class=\"wpcf7-list-item\"><label><input type=\"checkbox\" name=\"your-communication\" value=\"1\" class=\"form-check-input\" aria-invalid=\"false\" \/><span class=\"wpcf7-list-item-label\">Acepto recibir comunicaciones en mi correo electr\u00f3nico<\/span><\/label><\/span><\/span><\/span>\r\n<\/div>\r\n\r\n<input class=\"wpcf7-form-control wpcf7-submit has-spinner btn btn-dark\" type=\"submit\" value=\"SUSCRIBIR\" \/><div class=\"wpcf7-response-output\" aria-hidden=\"true\"><\/div>\n<\/form>\n<\/div>\n[\/vc_column][\/vc_row][\/vc_section]<\/p>\n<\/div>","protected":false},"excerpt":{"rendered":"<p>[vc_section el_id=&#8221;about-hero&#8221;][vc_row][vc_column offset=&#8221;vc_col-lg-7 vc_col-md-6&#8243;][vc_single_image image=&#8221;624&#8243; img_size=&#8221;649&#215;763&#8243; css_animation=&#8221;none&#8221; el_class=&#8221;about-hero-image d-none&#8221;][vc_custom_heading text=&#8221;Brindar inclusi\u00f3n financiera,&#8221; font_container=&#8221;tag:h1|text_align:left&#8221; use_theme_fonts=&#8221;yes&#8221;][vc_custom_heading text=&#8221;esto es lo que nos mueve.&#8221; use_theme_fonts=&#8221;yes&#8221; el_class=&#8221;h3&#8243;][vc_column_text el_class=&#8221;about-hero-text-1&#8243;] BlueReef es una firma de asesor\u00eda financiera dedicada a aquellos que no han tenido acceso a servicios financieros antes. Buscamos ayudar a familias y due\u00f1os de negocios de todos los or\u00edgenes a [&hellip;]<\/p>\n","protected":false},"author":1,"featured_media":0,"parent":0,"menu_order":0,"comment_status":"closed","ping_status":"closed","template":"page-vc.php","meta":{"_acf_changed":false,"inline_featured_image":false,"footnotes":""},"class_list":["post-650","page","type-page","status-publish","hentry"],"acf":[],"yoast_head":"<!-- This site is optimized with the Yoast SEO plugin v27.4 - https:\/\/yoast.com\/product\/yoast-seo-wordpress\/ -->\n<title>Equipo - Bluereef Capital<\/title>\n<meta name=\"description\" content=\"Firma de asesor\u00eda financiera dedicada a aquellos que no han tenido acceso a servicios financieros antes.\" \/>\n<meta name=\"robots\" content=\"index, follow, max-snippet:-1, max-image-preview:large, max-video-preview:-1\" \/>\n<link rel=\"canonical\" href=\"https:\/\/bluereefcapital.com\/es\/equipo\/\" \/>\n<meta property=\"og:locale\" content=\"es_ES\" \/>\n<meta property=\"og:type\" content=\"article\" \/>\n<meta property=\"og:title\" content=\"Equipo - Bluereef Capital\" \/>\n<meta property=\"og:description\" content=\"Firma de asesor\u00eda financiera dedicada a aquellos que no han tenido acceso a servicios financieros antes.\" \/>\n<meta property=\"og:url\" content=\"https:\/\/bluereefcapital.com\/es\/equipo\/\" \/>\n<meta property=\"og:site_name\" content=\"Bluereef Capital\" \/>\n<meta property=\"article:modified_time\" content=\"2023-08-26T11:53:22+00:00\" \/>\n<meta name=\"twitter:card\" content=\"summary_large_image\" \/>\n<meta name=\"twitter:label1\" content=\"Tiempo de lectura\" \/>\n\t<meta name=\"twitter:data1\" content=\"2 minutos\" \/>\n<script type=\"application\/ld+json\" class=\"yoast-schema-graph\">{\"@context\":\"https:\\\/\\\/schema.org\",\"@graph\":[{\"@type\":\"WebPage\",\"@id\":\"https:\\\/\\\/bluereefcapital.com\\\/es\\\/equipo\\\/\",\"url\":\"https:\\\/\\\/bluereefcapital.com\\\/es\\\/equipo\\\/\",\"name\":\"Equipo - Bluereef Capital\",\"isPartOf\":{\"@id\":\"https:\\\/\\\/bluereefcapital.com\\\/es\\\/#website\"},\"datePublished\":\"2022-09-01T20:01:13+00:00\",\"dateModified\":\"2023-08-26T11:53:22+00:00\",\"description\":\"Firma de asesor\u00eda financiera dedicada a aquellos que no han tenido acceso a servicios financieros antes.\",\"breadcrumb\":{\"@id\":\"https:\\\/\\\/bluereefcapital.com\\\/es\\\/equipo\\\/#breadcrumb\"},\"inLanguage\":\"es\",\"potentialAction\":[{\"@type\":\"ReadAction\",\"target\":[\"https:\\\/\\\/bluereefcapital.com\\\/es\\\/equipo\\\/\"]}]},{\"@type\":\"BreadcrumbList\",\"@id\":\"https:\\\/\\\/bluereefcapital.com\\\/es\\\/equipo\\\/#breadcrumb\",\"itemListElement\":[{\"@type\":\"ListItem\",\"position\":1,\"name\":\"Home\",\"item\":\"https:\\\/\\\/bluereefcapital.com\\\/es\\\/\"},{\"@type\":\"ListItem\",\"position\":2,\"name\":\"Equipo\"}]},{\"@type\":\"WebSite\",\"@id\":\"https:\\\/\\\/bluereefcapital.com\\\/es\\\/#website\",\"url\":\"https:\\\/\\\/bluereefcapital.com\\\/es\\\/\",\"name\":\"Bluereef Capital\",\"description\":\"\",\"publisher\":{\"@id\":\"https:\\\/\\\/bluereefcapital.com\\\/es\\\/#organization\"},\"potentialAction\":[{\"@type\":\"SearchAction\",\"target\":{\"@type\":\"EntryPoint\",\"urlTemplate\":\"https:\\\/\\\/bluereefcapital.com\\\/es\\\/?s={search_term_string}\"},\"query-input\":{\"@type\":\"PropertyValueSpecification\",\"valueRequired\":true,\"valueName\":\"search_term_string\"}}],\"inLanguage\":\"es\"},{\"@type\":\"Organization\",\"@id\":\"https:\\\/\\\/bluereefcapital.com\\\/es\\\/#organization\",\"name\":\"Bluereef Capital\",\"url\":\"https:\\\/\\\/bluereefcapital.com\\\/es\\\/\",\"logo\":{\"@type\":\"ImageObject\",\"inLanguage\":\"es\",\"@id\":\"https:\\\/\\\/bluereefcapital.com\\\/es\\\/#\\\/schema\\\/logo\\\/image\\\/\",\"url\":\"https:\\\/\\\/bluereefcapital.com\\\/wp-content\\\/uploads\\\/2022\\\/10\\\/Bluereef_Logo_1.jpg\",\"contentUrl\":\"https:\\\/\\\/bluereefcapital.com\\\/wp-content\\\/uploads\\\/2022\\\/10\\\/Bluereef_Logo_1.jpg\",\"width\":2359,\"height\":521,\"caption\":\"Bluereef Capital\"},\"image\":{\"@id\":\"https:\\\/\\\/bluereefcapital.com\\\/es\\\/#\\\/schema\\\/logo\\\/image\\\/\"},\"sameAs\":[\"https:\\\/\\\/www.instagram.com\\\/bluereef.capital\\\/\",\"https:\\\/\\\/www.linkedin.com\\\/company\\\/bluereef-capital\\\/\"]}]}<\/script>\n<!-- \/ Yoast SEO plugin. -->","yoast_head_json":{"title":"Equipo - Bluereef Capital","description":"Firma de asesor\u00eda financiera dedicada a aquellos que no han tenido acceso a servicios financieros antes.","robots":{"index":"index","follow":"follow","max-snippet":"max-snippet:-1","max-image-preview":"max-image-preview:large","max-video-preview":"max-video-preview:-1"},"canonical":"https:\/\/bluereefcapital.com\/es\/equipo\/","og_locale":"es_ES","og_type":"article","og_title":"Equipo - Bluereef Capital","og_description":"Firma de asesor\u00eda financiera dedicada a aquellos que no han tenido acceso a servicios financieros antes.","og_url":"https:\/\/bluereefcapital.com\/es\/equipo\/","og_site_name":"Bluereef Capital","article_modified_time":"2023-08-26T11:53:22+00:00","twitter_card":"summary_large_image","twitter_misc":{"Tiempo de lectura":"2 minutos"},"schema":{"@context":"https:\/\/schema.org","@graph":[{"@type":"WebPage","@id":"https:\/\/bluereefcapital.com\/es\/equipo\/","url":"https:\/\/bluereefcapital.com\/es\/equipo\/","name":"Equipo - Bluereef Capital","isPartOf":{"@id":"https:\/\/bluereefcapital.com\/es\/#website"},"datePublished":"2022-09-01T20:01:13+00:00","dateModified":"2023-08-26T11:53:22+00:00","description":"Firma de asesor\u00eda financiera dedicada a aquellos que no han tenido acceso a servicios financieros antes.","breadcrumb":{"@id":"https:\/\/bluereefcapital.com\/es\/equipo\/#breadcrumb"},"inLanguage":"es","potentialAction":[{"@type":"ReadAction","target":["https:\/\/bluereefcapital.com\/es\/equipo\/"]}]},{"@type":"BreadcrumbList","@id":"https:\/\/bluereefcapital.com\/es\/equipo\/#breadcrumb","itemListElement":[{"@type":"ListItem","position":1,"name":"Home","item":"https:\/\/bluereefcapital.com\/es\/"},{"@type":"ListItem","position":2,"name":"Equipo"}]},{"@type":"WebSite","@id":"https:\/\/bluereefcapital.com\/es\/#website","url":"https:\/\/bluereefcapital.com\/es\/","name":"Bluereef Capital","description":"","publisher":{"@id":"https:\/\/bluereefcapital.com\/es\/#organization"},"potentialAction":[{"@type":"SearchAction","target":{"@type":"EntryPoint","urlTemplate":"https:\/\/bluereefcapital.com\/es\/?s={search_term_string}"},"query-input":{"@type":"PropertyValueSpecification","valueRequired":true,"valueName":"search_term_string"}}],"inLanguage":"es"},{"@type":"Organization","@id":"https:\/\/bluereefcapital.com\/es\/#organization","name":"Bluereef Capital","url":"https:\/\/bluereefcapital.com\/es\/","logo":{"@type":"ImageObject","inLanguage":"es","@id":"https:\/\/bluereefcapital.com\/es\/#\/schema\/logo\/image\/","url":"https:\/\/bluereefcapital.com\/wp-content\/uploads\/2022\/10\/Bluereef_Logo_1.jpg","contentUrl":"https:\/\/bluereefcapital.com\/wp-content\/uploads\/2022\/10\/Bluereef_Logo_1.jpg","width":2359,"height":521,"caption":"Bluereef Capital"},"image":{"@id":"https:\/\/bluereefcapital.com\/es\/#\/schema\/logo\/image\/"},"sameAs":["https:\/\/www.instagram.com\/bluereef.capital\/","https:\/\/www.linkedin.com\/company\/bluereef-capital\/"]}]}},"_links":{"self":[{"href":"https:\/\/bluereefcapital.com\/es\/wp-json\/wp\/v2\/pages\/650","targetHints":{"allow":["GET"]}}],"collection":[{"href":"https:\/\/bluereefcapital.com\/es\/wp-json\/wp\/v2\/pages"}],"about":[{"href":"https:\/\/bluereefcapital.com\/es\/wp-json\/wp\/v2\/types\/page"}],"author":[{"embeddable":true,"href":"https:\/\/bluereefcapital.com\/es\/wp-json\/wp\/v2\/users\/1"}],"replies":[{"embeddable":true,"href":"https:\/\/bluereefcapital.com\/es\/wp-json\/wp\/v2\/comments?post=650"}],"version-history":[{"count":0,"href":"https:\/\/bluereefcapital.com\/es\/wp-json\/wp\/v2\/pages\/650\/revisions"}],"wp:attachment":[{"href":"https:\/\/bluereefcapital.com\/es\/wp-json\/wp\/v2\/media?parent=650"}],"curies":[{"name":"wp","href":"https:\/\/api.w.org\/{rel}","templated":true}]}}