{"id":647,"date":"2022-09-01T20:01:36","date_gmt":"2022-09-01T20:01:36","guid":{"rendered":"https:\/\/bluereefcapital.com\/contacto\/"},"modified":"2023-01-31T18:04:58","modified_gmt":"2023-01-31T18:04:58","slug":"contacto","status":"publish","type":"page","link":"https:\/\/bluereefcapital.com\/es\/contacto\/","title":{"rendered":"Contacto"},"content":{"rendered":"<div class=\"wpb-content-wrapper\"><p>[vc_section el_id=&#8221;contact-hero&#8221;][vc_row][vc_column][vc_custom_heading text=&#8221;\u00a1P\u00f3nte en contacto!&#8221; font_container=&#8221;tag:h1|text_align:left&#8221; use_theme_fonts=&#8221;yes&#8221;][vc_column_text el_class=&#8221;h3&#8243;]Nos pondremos en contacto contigo en breve, con ganas de comenzar a trabajar juntos para hacer crecer tus finanzas.[\/vc_column_text]\n<div class=\"wpcf7 no-js\" id=\"wpcf7-f807-o1\" lang=\"es-ES\" dir=\"ltr\" data-wpcf7-id=\"807\">\n<div class=\"screen-reader-response\"><p role=\"status\" aria-live=\"polite\" aria-atomic=\"true\"><\/p> <ul><\/ul><\/div>\n<form action=\"\/es\/wp-json\/wp\/v2\/pages\/647#wpcf7-f807-o1\" method=\"post\" class=\"wpcf7-form init\" aria-label=\"Formulario de contacto\" novalidate=\"novalidate\" data-status=\"init\">\n<fieldset class=\"hidden-fields-container\"><input type=\"hidden\" name=\"_wpcf7\" value=\"807\" \/><input type=\"hidden\" name=\"_wpcf7_version\" value=\"6.1.5\" \/><input type=\"hidden\" name=\"_wpcf7_locale\" value=\"es_ES\" \/><input type=\"hidden\" name=\"_wpcf7_unit_tag\" value=\"wpcf7-f807-o1\" \/><input type=\"hidden\" name=\"_wpcf7_container_post\" value=\"0\" \/><input type=\"hidden\" name=\"_wpcf7_posted_data_hash\" value=\"\" \/><input type=\"hidden\" name=\"_wpcf7_recaptcha_response\" value=\"\" \/>\n<\/fieldset>\n<span id=\"wpcf7-69ea44e09d9af-wrapper\" class=\"wpcf7-form-control-wrap honeypot-973-wrap\" style=\"display:none !important; visibility:hidden !important;\"><label for=\"wpcf7-69ea44e09d9af-field\" class=\"hp-message\">Por favor, deja este campo vac\u00edo.<\/label><input id=\"wpcf7-69ea44e09d9af-field\"  class=\"wpcf7-form-control wpcf7-text\" type=\"text\" name=\"honeypot-973\" value=\"\" size=\"40\" tabindex=\"-1\" autocomplete=\"new-password\" \/><\/span>\r\n\r\n<div class=\"row row-form\">\r\n  <div class=\"col-md-6\">\r\n    <div class=\"form-group\">\r\n      <label for=\"your-message\" class=\"form-label\">\u00bfC\u00f3mo podemos ayudarte?<\/label>\r\n      <span class=\"wpcf7-form-control-wrap\" data-name=\"your-message\"><textarea cols=\"40\" rows=\"14\" maxlength=\"2000\" class=\"wpcf7-form-control wpcf7-textarea form-control\" aria-invalid=\"false\" placeholder=\"Tu mensaje\" name=\"your-message\"><\/textarea><\/span>\r\n    <\/div>\r\n  <\/div>\r\n  <div class=\"col-md-6 d-flex flex-column justify-content-between\">\r\n    <div class=\"form-group\">\r\n      <label for=\"your-name\" class=\"form-label\">\u00bfCu\u00e1l es tu nombre?*<\/label>\r\n      <span class=\"wpcf7-form-control-wrap\" data-name=\"your-name\"><input size=\"40\" maxlength=\"400\" class=\"wpcf7-form-control wpcf7-text wpcf7-validates-as-required form-control\" id=\"your-name\" aria-required=\"true\" aria-invalid=\"false\" placeholder=\"Tu nombre\" value=\"\" type=\"text\" name=\"your-name\" \/><\/span>\r\n    <\/div>\r\n    <div>\r\n      <div class=\"form-group\">\r\n        <label for=\"your-email\" class=\"form-label\">Por favor br\u00edndanos tu direcci\u00f3n de correo electr\u00f3nico*<\/label>\r\n        <span class=\"wpcf7-form-control-wrap\" data-name=\"your-email\"><input size=\"40\" maxlength=\"400\" class=\"wpcf7-form-control wpcf7-email wpcf7-validates-as-required wpcf7-text wpcf7-validates-as-email form-control\" id=\"your-email\" aria-required=\"true\" aria-invalid=\"false\" placeholder=\"Tu correo electr\u00f3nico\" value=\"\" type=\"email\" name=\"your-email\" \/><\/span>\r\n      <\/div>\r\n      <div class=\"form-group\">\r\n        <span class=\"wpcf7-form-control-wrap\" data-name=\"your-privacy\"><span class=\"wpcf7-form-control wpcf7-acceptance\"><span class=\"wpcf7-list-item\"><label><input type=\"checkbox\" name=\"your-privacy\" value=\"1\" class=\"form-check-input\" aria-invalid=\"false\" \/><span class=\"wpcf7-list-item-label\">He le\u00eddo y aceptado los  <a href=\"https:\/\/bluereefcapital.com\/es\/terminos\">t\u00e9rminos y condiciones*<\/a><\/span><\/label><\/span><\/span><\/span>\r\n      <\/div>\r\n      <div class=\"form-group\">\r\n        <input class=\"wpcf7-form-control wpcf7-submit has-spinner btn btn-dark\" type=\"submit\" value=\"Enviar\" \/>\r\n      <\/div>\r\n    <\/div>\r\n  <\/div>\r\n<\/div><div class=\"wpcf7-response-output\" aria-hidden=\"true\"><\/div>\n<\/form>\n<\/div>\n[\/vc_column][\/vc_row][\/vc_section][vc_section el_id=&#8221;contact-career&#8221;][vc_row][vc_column el_class=&#8221;contact-career-image&#8221; offset=&#8221;vc_col-lg-5&#8243;]<div class=\"lottieplayer-container\" id=\"\">\r\n                    <lottie-player \r\n                      src=\"https:\/\/assets2.lottiefiles.com\/packages\/lf20_lSGvHCCzRj.json\"  \r\n                      background=\"transparent\"  \r\n                      speed=\"1\"  loop  autoplay>\r\n                    <\/lottie-player>\r\n                  <\/div>[\/vc_column][vc_column el_class=&#8221;contact-career-caption&#8221; offset=&#8221;vc_col-lg-7&#8243;][vc_custom_heading text=&#8221;\u00bfEst\u00e1s buscando dar el siguiente paso en tu carrera?&#8221; use_theme_fonts=&#8221;yes&#8221;][vc_custom_heading text=&#8221;Siempre estamos en la b\u00fasqueda de nuevas personas para unirse a nuestro equipo.&#8221; font_container=&#8221;tag:div|text_align:left&#8221; use_theme_fonts=&#8221;yes&#8221; css_animation=&#8221;none&#8221; el_class=&#8221;h3&#8243;][vc_column_text el_class=&#8221;contact-career-text&#8221;]An\u00edmate, env\u00edanos tu cv a <strong><a href=\"mailto:contact@bluereefcapital.com\">contact@bluereefcapital.com<\/a> <\/strong>especificando tu \u00e1rea de especialidad.[\/vc_column_text][\/vc_column][\/vc_row][\/vc_section][vc_section el_id=&#8221;contact-info&#8221;][vc_row][vc_column offset=&#8221;vc_col-lg-4 vc_col-md-6&#8243;][vc_column_text el_class=&#8221;contact-info&#8221;]<\/p>\n<h2>Contacto<\/h2>\n<p>Para consultas de prensa, marketing y\/o de otro tipo, puedes encontrarnos en:[\/vc_column_text]<div class=\"contact-block\" id=\"\">\r\n            <div class=\"phone\"><a href=\"tel:(305) 392-6932\">(305) 392-6932<\/a><\/div>\r\n            <div class=\"email\"><a href=\"mailto:contact@bluereefcapital.com\">contact@bluereefcapital.com<\/a><br\/><a href=\"mailto:marketing@bluereefcaptial.com\">marketing@bluereefcaptial.com<\/a><\/div>\r\n            <div class=\"address\">1100 Brickell Bay Dr. Suite 113 #310411 Miami, FL 33131<\/div>\r\n        <\/div>[\/vc_column][vc_column el_class=&#8221;contact-info-map&#8221; offset=&#8221;vc_col-lg-8 vc_col-md-6&#8243;][vc_gmaps link=&#8221;#E-8_JTNDaWZyYW1lJTIwc3JjJTNEJTIyaHR0cHMlM0ElMkYlMkZ3d3cuZ29vZ2xlLmNvbSUyRm1hcHMlMkZlbWJlZCUzRnBiJTNEJTIxMW0xNCUyMTFtOCUyMTFtMyUyMTFkNjYxNi43MTEwMzE2MTU1NDclMjEyZC0xMTguNDMzNjU5JTIxM2QzMy45ODM0MDElMjEzbTIlMjExaTEwMjQlMjEyaTc2OCUyMTRmMTMuMSUyMTNtMyUyMTFtMiUyMTFzMHg4MGMyYmE3OTRhZjY3MTdkJTI1M0EweDFiMjZkMmQ2MmJkY2NjOWElMjEyczQ1NTElMjUyMEdsZW5jb2UlMjUyMEF2ZSUyNTIwVU5JVCUyNTIwMjE1JTI1MkMlMjUyME1hcmluYSUyNTIwRGVsJTI1MjBSZXklMjUyQyUyNTIwQ0ElMjUyMDkwMjkyJTI1MkMlMjUyMFVTQSUyMTVlMCUyMTNtMiUyMTFzZW4lMjEyc3ZlJTIxNHYxNjYyOTU2ODQ5NzY5JTIxNW0yJTIxMXNlbiUyMTJzdmUlMjIlMjB3aWR0aCUzRCUyMjYwMCUyMiUyMGhlaWdodCUzRCUyMjQ1MCUyMiUyMHN0eWxlJTNEJTIyYm9yZGVyJTNBMCUzQiUyMiUyMGFsbG93ZnVsbHNjcmVlbiUzRCUyMiUyMiUyMGxvYWRpbmclM0QlMjJsYXp5JTIyJTIwcmVmZXJyZXJwb2xpY3klM0QlMjJuby1yZWZlcnJlci13aGVuLWRvd25ncmFkZSUyMiUzRSUzQyUyRmlmcmFtZSUzRQ==&#8221; el_class=&#8221;d-none&#8221;][\/vc_column][\/vc_row][\/vc_section]<\/p>\n<\/div>","protected":false},"excerpt":{"rendered":"<p>[vc_section el_id=&#8221;contact-hero&#8221;][vc_row][vc_column][vc_custom_heading text=&#8221;\u00a1P\u00f3nte en contacto!&#8221; font_container=&#8221;tag:h1|text_align:left&#8221; use_theme_fonts=&#8221;yes&#8221;][vc_column_text el_class=&#8221;h3&#8243;]Nos pondremos en contacto contigo en breve, con ganas de comenzar a trabajar juntos para hacer crecer tus finanzas.[\/vc_column_text][\/vc_column][\/vc_row][\/vc_section][vc_section el_id=&#8221;contact-career&#8221;][vc_row][vc_column el_class=&#8221;contact-career-image&#8221; offset=&#8221;vc_col-lg-5&#8243;][\/vc_column][vc_column el_class=&#8221;contact-career-caption&#8221; offset=&#8221;vc_col-lg-7&#8243;][vc_custom_heading text=&#8221;\u00bfEst\u00e1s buscando dar el siguiente paso en tu carrera?&#8221; use_theme_fonts=&#8221;yes&#8221;][vc_custom_heading text=&#8221;Siempre estamos en la b\u00fasqueda de nuevas personas para unirse a nuestro equipo.&#8221; font_container=&#8221;tag:div|text_align:left&#8221; [&hellip;]<\/p>\n","protected":false},"author":1,"featured_media":0,"parent":0,"menu_order":0,"comment_status":"closed","ping_status":"closed","template":"page-vc.php","meta":{"_acf_changed":false,"inline_featured_image":false,"footnotes":""},"class_list":["post-647","page","type-page","status-publish","hentry"],"acf":[],"yoast_head":"<!-- This site is optimized with the Yoast SEO plugin v27.4 - https:\/\/yoast.com\/product\/yoast-seo-wordpress\/ -->\n<title>Contacto - Bluereef Capital<\/title>\n<meta name=\"description\" content=\"Contacta con Bluereef asesor\u00eda financiera\" \/>\n<meta name=\"robots\" content=\"index, follow, max-snippet:-1, max-image-preview:large, max-video-preview:-1\" \/>\n<link rel=\"canonical\" href=\"https:\/\/bluereefcapital.com\/es\/contacto\/\" \/>\n<meta property=\"og:locale\" content=\"es_ES\" \/>\n<meta property=\"og:type\" content=\"article\" \/>\n<meta property=\"og:title\" content=\"Contacto - Bluereef Capital\" \/>\n<meta property=\"og:description\" content=\"Contacta con Bluereef asesor\u00eda financiera\" \/>\n<meta property=\"og:url\" content=\"https:\/\/bluereefcapital.com\/es\/contacto\/\" \/>\n<meta property=\"og:site_name\" content=\"Bluereef Capital\" \/>\n<meta property=\"article:modified_time\" content=\"2023-01-31T18:04:58+00:00\" \/>\n<meta name=\"twitter:card\" content=\"summary_large_image\" \/>\n<meta name=\"twitter:label1\" content=\"Tiempo de lectura\" \/>\n\t<meta name=\"twitter:data1\" content=\"2 minutos\" \/>\n<script type=\"application\/ld+json\" class=\"yoast-schema-graph\">{\"@context\":\"https:\\\/\\\/schema.org\",\"@graph\":[{\"@type\":\"WebPage\",\"@id\":\"https:\\\/\\\/bluereefcapital.com\\\/es\\\/contacto\\\/\",\"url\":\"https:\\\/\\\/bluereefcapital.com\\\/es\\\/contacto\\\/\",\"name\":\"Contacto - Bluereef Capital\",\"isPartOf\":{\"@id\":\"https:\\\/\\\/bluereefcapital.com\\\/es\\\/#website\"},\"datePublished\":\"2022-09-01T20:01:36+00:00\",\"dateModified\":\"2023-01-31T18:04:58+00:00\",\"description\":\"Contacta con Bluereef asesor\u00eda financiera\",\"breadcrumb\":{\"@id\":\"https:\\\/\\\/bluereefcapital.com\\\/es\\\/contacto\\\/#breadcrumb\"},\"inLanguage\":\"es\",\"potentialAction\":[{\"@type\":\"ReadAction\",\"target\":[\"https:\\\/\\\/bluereefcapital.com\\\/es\\\/contacto\\\/\"]}]},{\"@type\":\"BreadcrumbList\",\"@id\":\"https:\\\/\\\/bluereefcapital.com\\\/es\\\/contacto\\\/#breadcrumb\",\"itemListElement\":[{\"@type\":\"ListItem\",\"position\":1,\"name\":\"Home\",\"item\":\"https:\\\/\\\/bluereefcapital.com\\\/es\\\/\"},{\"@type\":\"ListItem\",\"position\":2,\"name\":\"Contacto\"}]},{\"@type\":\"WebSite\",\"@id\":\"https:\\\/\\\/bluereefcapital.com\\\/es\\\/#website\",\"url\":\"https:\\\/\\\/bluereefcapital.com\\\/es\\\/\",\"name\":\"Bluereef Capital\",\"description\":\"\",\"publisher\":{\"@id\":\"https:\\\/\\\/bluereefcapital.com\\\/es\\\/#organization\"},\"potentialAction\":[{\"@type\":\"SearchAction\",\"target\":{\"@type\":\"EntryPoint\",\"urlTemplate\":\"https:\\\/\\\/bluereefcapital.com\\\/es\\\/?s={search_term_string}\"},\"query-input\":{\"@type\":\"PropertyValueSpecification\",\"valueRequired\":true,\"valueName\":\"search_term_string\"}}],\"inLanguage\":\"es\"},{\"@type\":\"Organization\",\"@id\":\"https:\\\/\\\/bluereefcapital.com\\\/es\\\/#organization\",\"name\":\"Bluereef Capital\",\"url\":\"https:\\\/\\\/bluereefcapital.com\\\/es\\\/\",\"logo\":{\"@type\":\"ImageObject\",\"inLanguage\":\"es\",\"@id\":\"https:\\\/\\\/bluereefcapital.com\\\/es\\\/#\\\/schema\\\/logo\\\/image\\\/\",\"url\":\"https:\\\/\\\/bluereefcapital.com\\\/wp-content\\\/uploads\\\/2022\\\/10\\\/Bluereef_Logo_1.jpg\",\"contentUrl\":\"https:\\\/\\\/bluereefcapital.com\\\/wp-content\\\/uploads\\\/2022\\\/10\\\/Bluereef_Logo_1.jpg\",\"width\":2359,\"height\":521,\"caption\":\"Bluereef Capital\"},\"image\":{\"@id\":\"https:\\\/\\\/bluereefcapital.com\\\/es\\\/#\\\/schema\\\/logo\\\/image\\\/\"},\"sameAs\":[\"https:\\\/\\\/www.instagram.com\\\/bluereef.capital\\\/\",\"https:\\\/\\\/www.linkedin.com\\\/company\\\/bluereef-capital\\\/\"]}]}<\/script>\n<!-- \/ Yoast SEO plugin. -->","yoast_head_json":{"title":"Contacto - Bluereef Capital","description":"Contacta con Bluereef asesor\u00eda financiera","robots":{"index":"index","follow":"follow","max-snippet":"max-snippet:-1","max-image-preview":"max-image-preview:large","max-video-preview":"max-video-preview:-1"},"canonical":"https:\/\/bluereefcapital.com\/es\/contacto\/","og_locale":"es_ES","og_type":"article","og_title":"Contacto - Bluereef Capital","og_description":"Contacta con Bluereef asesor\u00eda financiera","og_url":"https:\/\/bluereefcapital.com\/es\/contacto\/","og_site_name":"Bluereef Capital","article_modified_time":"2023-01-31T18:04:58+00:00","twitter_card":"summary_large_image","twitter_misc":{"Tiempo de lectura":"2 minutos"},"schema":{"@context":"https:\/\/schema.org","@graph":[{"@type":"WebPage","@id":"https:\/\/bluereefcapital.com\/es\/contacto\/","url":"https:\/\/bluereefcapital.com\/es\/contacto\/","name":"Contacto - Bluereef Capital","isPartOf":{"@id":"https:\/\/bluereefcapital.com\/es\/#website"},"datePublished":"2022-09-01T20:01:36+00:00","dateModified":"2023-01-31T18:04:58+00:00","description":"Contacta con Bluereef asesor\u00eda financiera","breadcrumb":{"@id":"https:\/\/bluereefcapital.com\/es\/contacto\/#breadcrumb"},"inLanguage":"es","potentialAction":[{"@type":"ReadAction","target":["https:\/\/bluereefcapital.com\/es\/contacto\/"]}]},{"@type":"BreadcrumbList","@id":"https:\/\/bluereefcapital.com\/es\/contacto\/#breadcrumb","itemListElement":[{"@type":"ListItem","position":1,"name":"Home","item":"https:\/\/bluereefcapital.com\/es\/"},{"@type":"ListItem","position":2,"name":"Contacto"}]},{"@type":"WebSite","@id":"https:\/\/bluereefcapital.com\/es\/#website","url":"https:\/\/bluereefcapital.com\/es\/","name":"Bluereef Capital","description":"","publisher":{"@id":"https:\/\/bluereefcapital.com\/es\/#organization"},"potentialAction":[{"@type":"SearchAction","target":{"@type":"EntryPoint","urlTemplate":"https:\/\/bluereefcapital.com\/es\/?s={search_term_string}"},"query-input":{"@type":"PropertyValueSpecification","valueRequired":true,"valueName":"search_term_string"}}],"inLanguage":"es"},{"@type":"Organization","@id":"https:\/\/bluereefcapital.com\/es\/#organization","name":"Bluereef Capital","url":"https:\/\/bluereefcapital.com\/es\/","logo":{"@type":"ImageObject","inLanguage":"es","@id":"https:\/\/bluereefcapital.com\/es\/#\/schema\/logo\/image\/","url":"https:\/\/bluereefcapital.com\/wp-content\/uploads\/2022\/10\/Bluereef_Logo_1.jpg","contentUrl":"https:\/\/bluereefcapital.com\/wp-content\/uploads\/2022\/10\/Bluereef_Logo_1.jpg","width":2359,"height":521,"caption":"Bluereef Capital"},"image":{"@id":"https:\/\/bluereefcapital.com\/es\/#\/schema\/logo\/image\/"},"sameAs":["https:\/\/www.instagram.com\/bluereef.capital\/","https:\/\/www.linkedin.com\/company\/bluereef-capital\/"]}]}},"_links":{"self":[{"href":"https:\/\/bluereefcapital.com\/es\/wp-json\/wp\/v2\/pages\/647","targetHints":{"allow":["GET"]}}],"collection":[{"href":"https:\/\/bluereefcapital.com\/es\/wp-json\/wp\/v2\/pages"}],"about":[{"href":"https:\/\/bluereefcapital.com\/es\/wp-json\/wp\/v2\/types\/page"}],"author":[{"embeddable":true,"href":"https:\/\/bluereefcapital.com\/es\/wp-json\/wp\/v2\/users\/1"}],"replies":[{"embeddable":true,"href":"https:\/\/bluereefcapital.com\/es\/wp-json\/wp\/v2\/comments?post=647"}],"version-history":[{"count":0,"href":"https:\/\/bluereefcapital.com\/es\/wp-json\/wp\/v2\/pages\/647\/revisions"}],"wp:attachment":[{"href":"https:\/\/bluereefcapital.com\/es\/wp-json\/wp\/v2\/media?parent=647"}],"curies":[{"name":"wp","href":"https:\/\/api.w.org\/{rel}","templated":true}]}}