{"id":1188,"date":"2023-04-05T15:20:29","date_gmt":"2023-04-05T15:20:29","guid":{"rendered":"https:\/\/bluereefcapital.com\/disclosure\/"},"modified":"2023-06-02T11:34:13","modified_gmt":"2023-06-02T11:34:13","slug":"disclosure","status":"publish","type":"page","link":"https:\/\/bluereefcapital.com\/es\/disclosure\/","title":{"rendered":"Disclosure"},"content":{"rendered":"<div class=\"wpb-content-wrapper\"><p>[vc_row][vc_column][vc_column_text]<\/p>\n<h1><u>Disclosure<\/u><\/h1>\n<p><strong>GARANT\u00cdAS Y DESCARGOS DE RESPONSABILIDAD<\/strong><\/p>\n<p style=\"text-align: left;\">BlueReef es un asesor de inversiones registrado ubicado en Miami, Florida. BlueReef solo puede realizar transacciones comerciales en aquellos estados en los que est\u00e1 registrado o califica para una exenci\u00f3n o exclusi\u00f3n de los requisitos de registro. El sitio web de BlueReef se limita a la difusi\u00f3n de informaci\u00f3n general relacionada con sus servicios de asesoramiento, junto con el acceso a informaci\u00f3n adicional relacionada con inversiones, publicaciones y enlaces. En consecuencia, la publicaci\u00f3n del sitio web de BlueReef en Internet no debe ser interpretada por ning\u00fan consumidor y\/o cliente potencial como una solicitud de BlueReef para efectuar, o intentar efectuar transacciones en valores, o la prestaci\u00f3n de asesoramiento de inversi\u00f3n personalizado a cambio de compensaci\u00f3n a trav\u00e9s de Internet. Cualquier comunicaci\u00f3n posterior directa de BlueReef con un cliente potencial ser\u00e1 llevada a cabo por un representante que est\u00e9 registrado o que califique para una exenci\u00f3n o exclusi\u00f3n de registro en el estado donde el cliente potencial reside. Para obtener informaci\u00f3n sobre el estado de registro de BlueReef, por favor, contacte a los reguladores de valores estatales de aquellos estados en los que BlueReef mantiene un archivo de registro. Una copia del actual informe de divulgaci\u00f3n por escrito de BlueReef que discute las operaciones comerciales, servicios y tarifas de BlueReef est\u00e1 disponible en el sitio web de informaci\u00f3n p\u00fablica de asesores de inversiones de la SEC &#8211; <a href=\"http:\/\/www.adviserinfo.sec.gov\/\" target=\"_new\" rel=\"noopener\">www.adviserinfo.sec.gov<\/a> o a solicitud escrita de BlueReef. BlueReef no ofrece ninguna representaci\u00f3n o garant\u00eda en cuanto a la precisi\u00f3n, oportunidad, idoneidad, integridad o relevancia de cualquier informaci\u00f3n preparada por cualquier tercero no afiliado, ya sea vinculada al sitio web de BlueReef o incorporada en \u00e9l, y no asume ninguna responsabilidad al respecto. Toda esa informaci\u00f3n se proporciona \u00fanicamente con fines de conveniencia y todos los usuarios de la misma deben actuar en consecuencia.<\/p>\n<p><span style=\"font-weight: 400;\">La TPA o APY (tasa de porcentaje anual) para los saldos de dep\u00f3sito en Bluereef Cash Reserve (&#8220;Cash Reserve&#8221;) es actualmente del 4,50%. Esta tasa se calcula como el promedio ponderado de la TPA\/APY ofrecida por los bancos participantes en Cash Reserve (llamados &#8220;Bancos del Programa&#8221;). La informaci\u00f3n es v\u00e1lida hasta el 20 de mayo de 2023. Ten en cuenta que la TPA\/APY es variable y est\u00e1 sujeta a cambios diarios. Los saldos de dep\u00f3sito no se distribuyen de manera equitativa entre los Bancos del Programa. Se requiere un dep\u00f3sito m\u00ednimo de $10 para abrir una cuenta y no hay requisitos m\u00ednimos de saldo despu\u00e9s de eso. La TPA\/APY puede ser m\u00e1s baja si eliges excluir ciertos bancos para recibir tus dep\u00f3sitos. Es importante destacar que la TPA\/APY se aplica espec\u00edficamente a Cash Reserve y no se refiere a las cuentas corrientes que se mantienen a trav\u00e9s de Bluereef Capital. Cash Reserve y Bluereef Capital son servicios separados y no son cuentas vinculadas.<\/span><\/p>\n<p><span style=\"font-weight: 400;\">** La FDIC (hasta el 17 de abril de 2023) informa la tasa de inter\u00e9s promedio nacional de las cuentas de ahorro como el promedio de la tasa de porcentaje anual (TPA\/APY) para las cuentas de ahorro con dep\u00f3sitos inferiores a $100,000.<\/span><\/p>\n<p>&nbsp;<\/p>\n<p><strong>ACERCA DE LOS RIESGOS<\/strong><\/p>\n<p><span style=\"font-weight: 400;\">La inversi\u00f3n conlleva riesgos inherentes y existe la posibilidad de perder dinero al invertir en valores y activos digitales. El rendimiento pasado no garantiza resultados futuros y la probabilidad de los resultados de inversi\u00f3n es hipot\u00e9tica.<\/span><\/p>\n<p><span style=\"font-weight: 400;\">Las inversiones en valores y activos digitales no est\u00e1n aseguradas por la FDIC, no est\u00e1n garantizadas por los bancos y pueden disminuir de valor.<\/span><\/p>\n<p><span style=\"font-weight: 400;\">Adem\u00e1s, la inversi\u00f3n en activos digitales es altamente especulativa y vol\u00e1til, adecuada solo para inversionistas que pueden tolerar el riesgo de posibles p\u00e9rdidas y fluctuaciones significativas del mercado. Los activos digitales no se consideran moneda de curso legal y no cuentan con el respaldo del gobierno de los Estados Unidos. Tampoco est\u00e1n protegidos por las salvaguardias de la SIPC (Corporaci\u00f3n de Protecci\u00f3n al Inversionista en Valores).<\/span><\/p>\n<p><span style=\"font-weight: 400;\">Antes de realizar cualquier inversi\u00f3n, es importante considerar tus objetivos de inversi\u00f3n y tener en cuenta las tarifas y gastos asociados con Bluereef Capital LLC. Los servicios de asesoramiento basados en internet ofrecidos por Bluereef Capital LLC est\u00e1n dise\u00f1ados para ayudar a los clientes a alcanzar metas financieras espec\u00edficas, pero no proporcionan asesoramiento fiscal integral ni cubren todos los aspectos de la situaci\u00f3n financiera de un cliente, incluidas las inversiones realizadas en otros lugares.<\/span><\/p>\n<p><span style=\"font-weight: 400;\">Esta informaci\u00f3n no es una oferta, solicitud de oferta o asesoramiento para comprar o vender valores en jurisdicciones donde Bluereef Capital LLC no est\u00e1 registrado.<\/span><\/p>\n<p>&nbsp;<\/p>\n<p><strong>SITIO WEB DE TERCEROS<\/strong><\/p>\n<p><span style=\"font-weight: 400;\">Bluereef Capital renuncia a toda responsabilidad y obligaci\u00f3n por el contenido, la precisi\u00f3n, la confiabilidad o las opiniones expresadas en cualquier sitio web de terceros vinculado en un art\u00edculo publicado (&#8220;sitio web vinculado&#8221;). Bluereef Capital no supervisa, investiga ni verifica la precisi\u00f3n o integridad de los sitios web vinculados. Es tu responsabilidad evaluar la precisi\u00f3n, confiabilidad, puntualidad e integridad de cualquier informaci\u00f3n proporcionada en un sitio web vinculado.<\/span><\/p>\n<p><span style=\"font-weight: 400;\">Cualquier producto, servicio o contenido obtenido de un sitio web vinculado se proporciona &#8220;tal cual&#8221; sin ninguna garant\u00eda, ya sea expresa o impl\u00edcita. Esto incluye, pero no se limita a, garant\u00edas impl\u00edcitas de comerciabilidad, aptitud para un prop\u00f3sito particular, titularidad, no infracci\u00f3n, seguridad o precisi\u00f3n. Si Bluereef Capital tiene una relaci\u00f3n o afiliaci\u00f3n con el autor o contenido de un sitio web vinculado, esto se divulgar\u00e1 adicionalmente.<\/span><\/p>\n<p>&#8212;&#8212;&#8212;&#8212;&#8212;&#8212;&#8212;&#8212;&#8212;&#8212;&#8212;-<\/p>\n<p style=\"text-align: left;\"><strong>Este sitio web y la informaci\u00f3n se proporcionan \u00fanicamente con fines de orientaci\u00f3n e informaci\u00f3n. Las inversiones implican riesgos y, a menos que se indique lo contrario, no est\u00e1n garantizadas. Aseg\u00farese de consultar primero con un asesor financiero y\/o un profesional de impuestos calificado antes de implementar cualquier estrategia. Este sitio web y la informaci\u00f3n no tienen la intenci\u00f3n de proporcionar asesoramiento en inversiones, impuestos o legales.<\/strong><\/p>\n<p>[\/vc_column_text]<div class=\"contact-block\" id=\"\">\r\n            <div class=\"phone\"><a href=\"tel:(305) 392-6932\">(305) 392-6932<\/a><\/div>\r\n            <div class=\"email\"><a href=\"mailto:contact@bluereefcapital.com\">contact@bluereefcapital.com<\/a><br\/><\/div>\r\n            \r\n        <\/div>[\/vc_column][\/vc_row]<\/p>\n<\/div>","protected":false},"excerpt":{"rendered":"<p>[vc_row][vc_column][vc_column_text] Disclosure GARANT\u00cdAS Y DESCARGOS DE RESPONSABILIDAD BlueReef es un asesor de inversiones registrado ubicado en Miami, Florida. BlueReef solo puede realizar transacciones comerciales en aquellos estados en los que est\u00e1 registrado o califica para una exenci\u00f3n o exclusi\u00f3n de los requisitos de registro. El sitio web de BlueReef se limita a la difusi\u00f3n de [&hellip;]<\/p>\n","protected":false},"author":2,"featured_media":0,"parent":0,"menu_order":0,"comment_status":"closed","ping_status":"closed","template":"page-container.php","meta":{"_acf_changed":false,"inline_featured_image":false,"footnotes":""},"class_list":["post-1188","page","type-page","status-publish","hentry"],"acf":[],"yoast_head":"<!-- This site is optimized with the Yoast SEO plugin v27.4 - https:\/\/yoast.com\/product\/yoast-seo-wordpress\/ -->\n<title>Disclosure - Bluereef Capital<\/title>\n<meta name=\"robots\" content=\"index, follow, max-snippet:-1, max-image-preview:large, max-video-preview:-1\" \/>\n<link rel=\"canonical\" href=\"https:\/\/bluereefcapital.com\/es\/disclosure\/\" \/>\n<meta property=\"og:locale\" content=\"es_ES\" \/>\n<meta property=\"og:type\" content=\"article\" \/>\n<meta property=\"og:title\" content=\"Disclosure - Bluereef Capital\" \/>\n<meta property=\"og:description\" content=\"[vc_row][vc_column][vc_column_text] Disclosure GARANT\u00cdAS Y DESCARGOS DE RESPONSABILIDAD BlueReef es un asesor de inversiones registrado ubicado en Miami, Florida. BlueReef solo puede realizar transacciones comerciales en aquellos estados en los que est\u00e1 registrado o califica para una exenci\u00f3n o exclusi\u00f3n de los requisitos de registro. El sitio web de BlueReef se limita a la difusi\u00f3n de [&hellip;]\" \/>\n<meta property=\"og:url\" content=\"https:\/\/bluereefcapital.com\/es\/disclosure\/\" \/>\n<meta property=\"og:site_name\" content=\"Bluereef Capital\" \/>\n<meta property=\"article:modified_time\" content=\"2023-06-02T11:34:13+00:00\" \/>\n<meta name=\"twitter:card\" content=\"summary_large_image\" \/>\n<meta name=\"twitter:label1\" content=\"Tiempo de lectura\" \/>\n\t<meta name=\"twitter:data1\" content=\"2 minutos\" \/>\n<script type=\"application\/ld+json\" class=\"yoast-schema-graph\">{\"@context\":\"https:\\\/\\\/schema.org\",\"@graph\":[{\"@type\":\"WebPage\",\"@id\":\"https:\\\/\\\/bluereefcapital.com\\\/es\\\/disclosure\\\/\",\"url\":\"https:\\\/\\\/bluereefcapital.com\\\/es\\\/disclosure\\\/\",\"name\":\"Disclosure - Bluereef Capital\",\"isPartOf\":{\"@id\":\"https:\\\/\\\/bluereefcapital.com\\\/es\\\/#website\"},\"datePublished\":\"2023-04-05T15:20:29+00:00\",\"dateModified\":\"2023-06-02T11:34:13+00:00\",\"breadcrumb\":{\"@id\":\"https:\\\/\\\/bluereefcapital.com\\\/es\\\/disclosure\\\/#breadcrumb\"},\"inLanguage\":\"es\",\"potentialAction\":[{\"@type\":\"ReadAction\",\"target\":[\"https:\\\/\\\/bluereefcapital.com\\\/es\\\/disclosure\\\/\"]}]},{\"@type\":\"BreadcrumbList\",\"@id\":\"https:\\\/\\\/bluereefcapital.com\\\/es\\\/disclosure\\\/#breadcrumb\",\"itemListElement\":[{\"@type\":\"ListItem\",\"position\":1,\"name\":\"Home\",\"item\":\"https:\\\/\\\/bluereefcapital.com\\\/es\\\/\"},{\"@type\":\"ListItem\",\"position\":2,\"name\":\"Disclosure\"}]},{\"@type\":\"WebSite\",\"@id\":\"https:\\\/\\\/bluereefcapital.com\\\/es\\\/#website\",\"url\":\"https:\\\/\\\/bluereefcapital.com\\\/es\\\/\",\"name\":\"Bluereef Capital\",\"description\":\"\",\"publisher\":{\"@id\":\"https:\\\/\\\/bluereefcapital.com\\\/es\\\/#organization\"},\"potentialAction\":[{\"@type\":\"SearchAction\",\"target\":{\"@type\":\"EntryPoint\",\"urlTemplate\":\"https:\\\/\\\/bluereefcapital.com\\\/es\\\/?s={search_term_string}\"},\"query-input\":{\"@type\":\"PropertyValueSpecification\",\"valueRequired\":true,\"valueName\":\"search_term_string\"}}],\"inLanguage\":\"es\"},{\"@type\":\"Organization\",\"@id\":\"https:\\\/\\\/bluereefcapital.com\\\/es\\\/#organization\",\"name\":\"Bluereef Capital\",\"url\":\"https:\\\/\\\/bluereefcapital.com\\\/es\\\/\",\"logo\":{\"@type\":\"ImageObject\",\"inLanguage\":\"es\",\"@id\":\"https:\\\/\\\/bluereefcapital.com\\\/es\\\/#\\\/schema\\\/logo\\\/image\\\/\",\"url\":\"https:\\\/\\\/bluereefcapital.com\\\/wp-content\\\/uploads\\\/2022\\\/10\\\/Bluereef_Logo_1.jpg\",\"contentUrl\":\"https:\\\/\\\/bluereefcapital.com\\\/wp-content\\\/uploads\\\/2022\\\/10\\\/Bluereef_Logo_1.jpg\",\"width\":2359,\"height\":521,\"caption\":\"Bluereef Capital\"},\"image\":{\"@id\":\"https:\\\/\\\/bluereefcapital.com\\\/es\\\/#\\\/schema\\\/logo\\\/image\\\/\"},\"sameAs\":[\"https:\\\/\\\/www.instagram.com\\\/bluereef.capital\\\/\",\"https:\\\/\\\/www.linkedin.com\\\/company\\\/bluereef-capital\\\/\"]}]}<\/script>\n<!-- \/ Yoast SEO plugin. -->","yoast_head_json":{"title":"Disclosure - Bluereef Capital","robots":{"index":"index","follow":"follow","max-snippet":"max-snippet:-1","max-image-preview":"max-image-preview:large","max-video-preview":"max-video-preview:-1"},"canonical":"https:\/\/bluereefcapital.com\/es\/disclosure\/","og_locale":"es_ES","og_type":"article","og_title":"Disclosure - Bluereef Capital","og_description":"[vc_row][vc_column][vc_column_text] Disclosure GARANT\u00cdAS Y DESCARGOS DE RESPONSABILIDAD BlueReef es un asesor de inversiones registrado ubicado en Miami, Florida. BlueReef solo puede realizar transacciones comerciales en aquellos estados en los que est\u00e1 registrado o califica para una exenci\u00f3n o exclusi\u00f3n de los requisitos de registro. El sitio web de BlueReef se limita a la difusi\u00f3n de [&hellip;]","og_url":"https:\/\/bluereefcapital.com\/es\/disclosure\/","og_site_name":"Bluereef Capital","article_modified_time":"2023-06-02T11:34:13+00:00","twitter_card":"summary_large_image","twitter_misc":{"Tiempo de lectura":"2 minutos"},"schema":{"@context":"https:\/\/schema.org","@graph":[{"@type":"WebPage","@id":"https:\/\/bluereefcapital.com\/es\/disclosure\/","url":"https:\/\/bluereefcapital.com\/es\/disclosure\/","name":"Disclosure - Bluereef Capital","isPartOf":{"@id":"https:\/\/bluereefcapital.com\/es\/#website"},"datePublished":"2023-04-05T15:20:29+00:00","dateModified":"2023-06-02T11:34:13+00:00","breadcrumb":{"@id":"https:\/\/bluereefcapital.com\/es\/disclosure\/#breadcrumb"},"inLanguage":"es","potentialAction":[{"@type":"ReadAction","target":["https:\/\/bluereefcapital.com\/es\/disclosure\/"]}]},{"@type":"BreadcrumbList","@id":"https:\/\/bluereefcapital.com\/es\/disclosure\/#breadcrumb","itemListElement":[{"@type":"ListItem","position":1,"name":"Home","item":"https:\/\/bluereefcapital.com\/es\/"},{"@type":"ListItem","position":2,"name":"Disclosure"}]},{"@type":"WebSite","@id":"https:\/\/bluereefcapital.com\/es\/#website","url":"https:\/\/bluereefcapital.com\/es\/","name":"Bluereef Capital","description":"","publisher":{"@id":"https:\/\/bluereefcapital.com\/es\/#organization"},"potentialAction":[{"@type":"SearchAction","target":{"@type":"EntryPoint","urlTemplate":"https:\/\/bluereefcapital.com\/es\/?s={search_term_string}"},"query-input":{"@type":"PropertyValueSpecification","valueRequired":true,"valueName":"search_term_string"}}],"inLanguage":"es"},{"@type":"Organization","@id":"https:\/\/bluereefcapital.com\/es\/#organization","name":"Bluereef Capital","url":"https:\/\/bluereefcapital.com\/es\/","logo":{"@type":"ImageObject","inLanguage":"es","@id":"https:\/\/bluereefcapital.com\/es\/#\/schema\/logo\/image\/","url":"https:\/\/bluereefcapital.com\/wp-content\/uploads\/2022\/10\/Bluereef_Logo_1.jpg","contentUrl":"https:\/\/bluereefcapital.com\/wp-content\/uploads\/2022\/10\/Bluereef_Logo_1.jpg","width":2359,"height":521,"caption":"Bluereef Capital"},"image":{"@id":"https:\/\/bluereefcapital.com\/es\/#\/schema\/logo\/image\/"},"sameAs":["https:\/\/www.instagram.com\/bluereef.capital\/","https:\/\/www.linkedin.com\/company\/bluereef-capital\/"]}]}},"_links":{"self":[{"href":"https:\/\/bluereefcapital.com\/es\/wp-json\/wp\/v2\/pages\/1188","targetHints":{"allow":["GET"]}}],"collection":[{"href":"https:\/\/bluereefcapital.com\/es\/wp-json\/wp\/v2\/pages"}],"about":[{"href":"https:\/\/bluereefcapital.com\/es\/wp-json\/wp\/v2\/types\/page"}],"author":[{"embeddable":true,"href":"https:\/\/bluereefcapital.com\/es\/wp-json\/wp\/v2\/users\/2"}],"replies":[{"embeddable":true,"href":"https:\/\/bluereefcapital.com\/es\/wp-json\/wp\/v2\/comments?post=1188"}],"version-history":[{"count":0,"href":"https:\/\/bluereefcapital.com\/es\/wp-json\/wp\/v2\/pages\/1188\/revisions"}],"wp:attachment":[{"href":"https:\/\/bluereefcapital.com\/es\/wp-json\/wp\/v2\/media?parent=1188"}],"curies":[{"name":"wp","href":"https:\/\/api.w.org\/{rel}","templated":true}]}}